{"id":612106,"date":"2025-08-10T14:45:04","date_gmt":"2025-08-10T12:45:04","guid":{"rendered":"https:\/\/lucacastelli.com\/prodotto\/milwaukee-m18-geberit-2\/"},"modified":"2025-08-10T14:45:04","modified_gmt":"2025-08-10T12:45:04","slug":"milwaukee-m18-geberit-2","status":"publish","type":"product","link":"https:\/\/lucacastelli.com\/fr\/produit\/milwaukee-m18-geberit-2\/","title":{"rendered":"Milwaukee M18 Geberit"},"content":{"rendered":"<p>M18 Geberit \/SYSTEM ACCESSORIES<br \/>\nProfils de pressage originaux Geberit Mapress;Approbation compl\u00e8te du syst\u00e8me Geberit;Les m\u00e2choires durables minimisent l&#8217;entretien et les inspections<\/p>\n<p>4932480887<br \/>\n4058546411725.<\/p>\n","protected":false},"excerpt":{"rendered":"<p>M18 M18 Geberit \/ACCESSOIRES DU SYST\u00c8ME<\/p>\n","protected":false},"featured_media":554312,"template":"","meta":{"_seopress_robots_primary_cat":"","_seopress_titles_title":"","_seopress_titles_desc":"","_seopress_robots_index":""},"product_brand":[3407],"product_cat":[5531,29,514],"product_tag":[3270],"class_list":{"0":"post-612106","1":"product","2":"type-product","3":"status-publish","4":"has-post-thumbnail","6":"product_brand-milwaukee","7":"product_cat-vari-macchinari-milwaukee","8":"product_cat-macchinari","9":"product_cat-altri-dispositivi","10":"product_tag-import-milwau","11":"sws-conto-ricavi-merci-rivendita-macchinari-fr","12":"sws-gruppo-iva-iva81-fr","14":"first","15":"onbackorder","16":"sale","17":"shipping-taxable","18":"purchasable","19":"product-type-simple"},"_links":{"self":[{"href":"https:\/\/lucacastelli.com\/fr\/wp-json\/wp\/v2\/product\/612106","targetHints":{"allow":["GET"]}}],"collection":[{"href":"https:\/\/lucacastelli.com\/fr\/wp-json\/wp\/v2\/product"}],"about":[{"href":"https:\/\/lucacastelli.com\/fr\/wp-json\/wp\/v2\/types\/product"}],"wp:featuredmedia":[{"embeddable":true,"href":"https:\/\/lucacastelli.com\/fr\/wp-json\/wp\/v2\/media\/554312"}],"wp:attachment":[{"href":"https:\/\/lucacastelli.com\/fr\/wp-json\/wp\/v2\/media?parent=612106"}],"wp:term":[{"taxonomy":"product_brand","embeddable":true,"href":"https:\/\/lucacastelli.com\/fr\/wp-json\/wp\/v2\/product_brand?post=612106"},{"taxonomy":"product_cat","embeddable":true,"href":"https:\/\/lucacastelli.com\/fr\/wp-json\/wp\/v2\/product_cat?post=612106"},{"taxonomy":"product_tag","embeddable":true,"href":"https:\/\/lucacastelli.com\/fr\/wp-json\/wp\/v2\/product_tag?post=612106"}],"curies":[{"name":"wp","href":"https:\/\/api.w.org\/{rel}","templated":true}]}}