{"id":612089,"date":"2025-08-10T14:45:01","date_gmt":"2025-08-10T12:45:01","guid":{"rendered":"https:\/\/lucacastelli.com\/prodotto\/milwaukee-j18-g50-geberit\/"},"modified":"2025-08-10T14:45:01","modified_gmt":"2025-08-10T12:45:01","slug":"milwaukee-j18-g50-geberit","status":"publish","type":"product","link":"https:\/\/lucacastelli.com\/fr\/produit\/milwaukee-j18-g50-geberit\/","title":{"rendered":"Milwaukee J18-G50 Geberit"},"content":{"rendered":"<p>J18-G50 Geberit \/SYSTEM ACCESSORIES<br \/>\nProfil\u00e9s de pressage originaux Geberit Mepla et Mepla Therm;Approbation compl\u00e8te du syst\u00e8me Geberit;M\u00e2choires durables minimisant l&#8217;entretien et les inspections<\/p>\n<p>4932480901<br \/>\n4058546411862<\/p>\n","protected":false},"excerpt":{"rendered":"<p>J18-G50 Geberit \/SYSTEM ACCESSORIES<\/p>\n","protected":false},"featured_media":554379,"template":"","meta":{"_seopress_robots_primary_cat":"","_seopress_titles_title":"","_seopress_titles_desc":"","_seopress_robots_index":""},"product_brand":[3407],"product_cat":[5531,29,514],"product_tag":[3270],"class_list":{"0":"post-612089","1":"product","2":"type-product","3":"status-publish","4":"has-post-thumbnail","6":"product_brand-milwaukee","7":"product_cat-vari-macchinari-milwaukee","8":"product_cat-macchinari","9":"product_cat-altri-dispositivi","10":"product_tag-import-milwau","11":"sws-conto-ricavi-merci-rivendita-macchinari-fr","12":"sws-gruppo-iva-iva81-fr","14":"first","15":"onbackorder","16":"sale","17":"shipping-taxable","18":"purchasable","19":"product-type-simple"},"_links":{"self":[{"href":"https:\/\/lucacastelli.com\/fr\/wp-json\/wp\/v2\/product\/612089","targetHints":{"allow":["GET"]}}],"collection":[{"href":"https:\/\/lucacastelli.com\/fr\/wp-json\/wp\/v2\/product"}],"about":[{"href":"https:\/\/lucacastelli.com\/fr\/wp-json\/wp\/v2\/types\/product"}],"wp:featuredmedia":[{"embeddable":true,"href":"https:\/\/lucacastelli.com\/fr\/wp-json\/wp\/v2\/media\/554379"}],"wp:attachment":[{"href":"https:\/\/lucacastelli.com\/fr\/wp-json\/wp\/v2\/media?parent=612089"}],"wp:term":[{"taxonomy":"product_brand","embeddable":true,"href":"https:\/\/lucacastelli.com\/fr\/wp-json\/wp\/v2\/product_brand?post=612089"},{"taxonomy":"product_cat","embeddable":true,"href":"https:\/\/lucacastelli.com\/fr\/wp-json\/wp\/v2\/product_cat?post=612089"},{"taxonomy":"product_tag","embeddable":true,"href":"https:\/\/lucacastelli.com\/fr\/wp-json\/wp\/v2\/product_tag?post=612089"}],"curies":[{"name":"wp","href":"https:\/\/api.w.org\/{rel}","templated":true}]}}