{"id":611996,"date":"2025-08-10T14:43:51","date_gmt":"2025-08-10T12:43:51","guid":{"rendered":"https:\/\/lucacastelli.com\/prodotto\/milwaukee-j12-bmp-1%e2%80%b3\/"},"modified":"2025-08-10T14:43:51","modified_gmt":"2025-08-10T12:43:51","slug":"milwaukee-j12-bmp-1%e2%80%b3","status":"publish","type":"product","link":"https:\/\/lucacastelli.com\/fr\/produit\/milwaukee-j12-bmp-1%e2%80%b3\/","title":{"rendered":"MILWAUKEE J12-BMP 1\u2033"},"content":{"rendered":"<p>J12-BMP 1&#8243; MAXIPRO\/SYSTEM ACCESSORIES<br \/>\nProfil\u00e9s de presse originaux Conex &amp; Banninger MaxiPro;Homologation compl\u00e8te du syst\u00e8me Conex &amp; Banninger MaxiPro pour les raccords de liquide de refroidissement<\/p>\n<p>4932493161<br \/>\n4058546480325<\/p>\n","protected":false},"excerpt":{"rendered":"<p>J12-BMP 1&#8243; MAXIPRO\/ACCESSOIRES SYST\u00c8ME<\/p>\n","protected":false},"featured_media":561220,"template":"","meta":{"_seopress_robots_primary_cat":"","_seopress_titles_title":"","_seopress_titles_desc":"","_seopress_robots_index":""},"product_brand":[3658],"product_cat":[1453,5532,167],"product_tag":[3273],"class_list":{"0":"post-611996","1":"product","2":"type-product","3":"status-publish","4":"has-post-thumbnail","6":"product_brand-milwaukee-fr","7":"product_cat-autres-appareils","8":"product_cat-diverses-machines-milwaukee","9":"product_cat-machines","10":"product_tag-import-milwau-fr","11":"sws-conto-ricavi-merci-rivendita-macchinari-fr","12":"sws-gruppo-iva-iva81-fr","14":"first","15":"onbackorder","16":"sale","17":"shipping-taxable","18":"purchasable","19":"product-type-simple"},"_links":{"self":[{"href":"https:\/\/lucacastelli.com\/fr\/wp-json\/wp\/v2\/product\/611996","targetHints":{"allow":["GET"]}}],"collection":[{"href":"https:\/\/lucacastelli.com\/fr\/wp-json\/wp\/v2\/product"}],"about":[{"href":"https:\/\/lucacastelli.com\/fr\/wp-json\/wp\/v2\/types\/product"}],"wp:featuredmedia":[{"embeddable":true,"href":"https:\/\/lucacastelli.com\/fr\/wp-json\/wp\/v2\/media\/561220"}],"wp:attachment":[{"href":"https:\/\/lucacastelli.com\/fr\/wp-json\/wp\/v2\/media?parent=611996"}],"wp:term":[{"taxonomy":"product_brand","embeddable":true,"href":"https:\/\/lucacastelli.com\/fr\/wp-json\/wp\/v2\/product_brand?post=611996"},{"taxonomy":"product_cat","embeddable":true,"href":"https:\/\/lucacastelli.com\/fr\/wp-json\/wp\/v2\/product_cat?post=611996"},{"taxonomy":"product_tag","embeddable":true,"href":"https:\/\/lucacastelli.com\/fr\/wp-json\/wp\/v2\/product_tag?post=611996"}],"curies":[{"name":"wp","href":"https:\/\/api.w.org\/{rel}","templated":true}]}}