{"id":611844,"date":"2025-08-10T14:36:23","date_gmt":"2025-08-10T12:36:23","guid":{"rendered":"https:\/\/lucacastelli.com\/prodotto\/milwaukee-sertisseuse-droite-12-mm-m12-fuel\/"},"modified":"2025-08-10T14:36:23","modified_gmt":"2025-08-10T12:36:23","slug":"milwaukee-sertisseuse-droite-12-mm-m12-fuel","status":"publish","type":"product","link":"https:\/\/lucacastelli.com\/fr\/produit\/milwaukee-sertisseuse-droite-12-mm-m12-fuel\/","title":{"rendered":"Milwaukee Sertisseuse droite 1,2 mm M12 FUEL"},"content":{"rendered":"<p>M12 FCN18GS-202X\/MACHINES \u00c0 RAINURER<br \/>\nTire des m\u00e8ches droites 18G (1,2 mm) de 16 \u00e0 38 mm de longueur;Le syst\u00e8me de verrouillage automatique arr\u00eate la pince lorsque le chargeur est vide;\u00c9limination rapide et facile des d\u00e9bris sans outils;La buse \u00e0 contact de surface r\u00e9duit permet de travailler \u00e0 des angles plus \u00e9troits\/plus aigus ;Trous plus petits, du diam\u00e8tre exact de la t\u00e9tine, pour une surface plus naturelle;Le r\u00e9glage de la profondeur de la t\u00e9tine est rapide et facile;Tire jusqu&#8217;\u00e0 450 t\u00e9tines avec une seule M12\u2122 REDLITHIUM\u2122 2.0 Ah;Le chargeur peut contenir jusqu&#8217;\u00e0 110 m\u00e8ches;Pas de remplacement ni de nettoyage de la cartouche de gaz;La technologie FUEL red\u00e9finit les outils \u00e9lectriques sans fil. Le moteur sans balais, l&#8217;\u00e9lectronique REDLINK PLUS\u2122 et le bloc-batterie REDLITHIUM\u2122 offrent des performances et une durabilit\u00e9 sup\u00e9rieures;Fonctionne avec toutes les batteries M12\u2122 MILWAUKEEE\u00ae. <\/p>\n<p>4933493355<br \/>\n4058546482268<\/p>\n","protected":false},"excerpt":{"rendered":"<p>M12 FCN18GS-202X\/MACHINES \u00c0 RAINURER<\/p>\n","protected":false},"featured_media":585582,"template":"","meta":{"_seopress_robots_primary_cat":"","_seopress_titles_title":"","_seopress_titles_desc":"","_seopress_robots_index":""},"product_brand":[3407],"product_cat":[5531,29,514],"product_tag":[3270],"class_list":{"0":"post-611844","1":"product","2":"type-product","3":"status-publish","4":"has-post-thumbnail","6":"product_brand-milwaukee","7":"product_cat-vari-macchinari-milwaukee","8":"product_cat-macchinari","9":"product_cat-altri-dispositivi","10":"product_tag-import-milwau","11":"sws-conto-ricavi-merci-rivendita-macchinari-fr","12":"sws-gruppo-iva-iva81-fr","14":"first","15":"onbackorder","16":"sale","17":"shipping-taxable","18":"purchasable","19":"product-type-simple"},"_links":{"self":[{"href":"https:\/\/lucacastelli.com\/fr\/wp-json\/wp\/v2\/product\/611844","targetHints":{"allow":["GET"]}}],"collection":[{"href":"https:\/\/lucacastelli.com\/fr\/wp-json\/wp\/v2\/product"}],"about":[{"href":"https:\/\/lucacastelli.com\/fr\/wp-json\/wp\/v2\/types\/product"}],"wp:featuredmedia":[{"embeddable":true,"href":"https:\/\/lucacastelli.com\/fr\/wp-json\/wp\/v2\/media\/585582"}],"wp:attachment":[{"href":"https:\/\/lucacastelli.com\/fr\/wp-json\/wp\/v2\/media?parent=611844"}],"wp:term":[{"taxonomy":"product_brand","embeddable":true,"href":"https:\/\/lucacastelli.com\/fr\/wp-json\/wp\/v2\/product_brand?post=611844"},{"taxonomy":"product_cat","embeddable":true,"href":"https:\/\/lucacastelli.com\/fr\/wp-json\/wp\/v2\/product_cat?post=611844"},{"taxonomy":"product_tag","embeddable":true,"href":"https:\/\/lucacastelli.com\/fr\/wp-json\/wp\/v2\/product_tag?post=611844"}],"curies":[{"name":"wp","href":"https:\/\/api.w.org\/{rel}","templated":true}]}}