{"id":611839,"date":"2025-08-10T14:36:21","date_gmt":"2025-08-10T12:36:21","guid":{"rendered":"https:\/\/lucacastelli.com\/prodotto\/milwaukee-sertisseuse-droite-16-mm-m18-fuel\/"},"modified":"2025-08-10T14:36:21","modified_gmt":"2025-08-10T12:36:21","slug":"milwaukee-sertisseuse-droite-16-mm-m18-fuel","status":"publish","type":"product","link":"https:\/\/lucacastelli.com\/fr\/produit\/milwaukee-sertisseuse-droite-16-mm-m18-fuel\/","title":{"rendered":"Milwaukee Sertisseuse droite 1,6 mm M18 FUEL"},"content":{"rendered":"<p>M18FN16GS-0X\/MACHINES \u00c0 RAINURER<br \/>\nTire des brads droits de 1,6 mm dans des longueurs de 25 \u00e0 64 mm;La profondeur des brads peut \u00eatre r\u00e9gl\u00e9e rapidement et facilement;Laisse un tr\u00e8s petit trou de brads sans affecter la finition du support;Possibilit\u00e9 de tirer les brads \u00e0 un angle plus aigu;La machine s&#8217;arr\u00eate d&#8217;elle-m\u00eame en l&#8217;absence de brads afin d&#8217;\u00e9viter toute surcharge;Tire jusqu&#8217;\u00e0 1200 brads par charge avec une batterie de 5.0 Ah;Enl\u00e8vement des copeaux sans avoir \u00e0 d\u00e9monter la machine;Aucune cartouche de gaz n&#8217;est n\u00e9cessaire et l&#8217;entretien est pratiquement nul. D\u00e9velopp\u00e9e pour r\u00e9pondre aux besoins des professionnels les plus exigeants;Nez protecteur pour \u00e9viter d&#8217;endommager les surfaces les plus d\u00e9licates;Chargeur 110 broches;La technologie FUEL red\u00e9finit les outils \u00e9lectriques sans fil. Le moteur sans balais, l&#8217;\u00e9lectronique REDLINK PLUS\u2122 et le bloc-batterie REDLITHIUM\u2122 offrent des performances et une durabilit\u00e9 sup\u00e9rieures;Fonctionne avec toutes les batteries M18 MILWAUKEEE\u00ae.<\/p>\n<p>4933493353<br \/>\n4058546482244<\/p>\n","protected":false},"excerpt":{"rendered":"<p>M18FN16GS-0X\/MACHINES \u00c0 RAINURER<\/p>\n","protected":false},"featured_media":585532,"template":"","meta":{"_seopress_robots_primary_cat":"","_seopress_titles_title":"","_seopress_titles_desc":"","_seopress_robots_index":""},"product_brand":[3407],"product_cat":[5531,29,514],"product_tag":[3270],"class_list":{"0":"post-611839","1":"product","2":"type-product","3":"status-publish","4":"has-post-thumbnail","6":"product_brand-milwaukee","7":"product_cat-vari-macchinari-milwaukee","8":"product_cat-macchinari","9":"product_cat-altri-dispositivi","10":"product_tag-import-milwau","11":"sws-conto-ricavi-merci-rivendita-macchinari-fr","12":"sws-gruppo-iva-iva81-fr","14":"first","15":"onbackorder","16":"sale","17":"shipping-taxable","18":"purchasable","19":"product-type-simple"},"_links":{"self":[{"href":"https:\/\/lucacastelli.com\/fr\/wp-json\/wp\/v2\/product\/611839","targetHints":{"allow":["GET"]}}],"collection":[{"href":"https:\/\/lucacastelli.com\/fr\/wp-json\/wp\/v2\/product"}],"about":[{"href":"https:\/\/lucacastelli.com\/fr\/wp-json\/wp\/v2\/types\/product"}],"wp:featuredmedia":[{"embeddable":true,"href":"https:\/\/lucacastelli.com\/fr\/wp-json\/wp\/v2\/media\/585532"}],"wp:attachment":[{"href":"https:\/\/lucacastelli.com\/fr\/wp-json\/wp\/v2\/media?parent=611839"}],"wp:term":[{"taxonomy":"product_brand","embeddable":true,"href":"https:\/\/lucacastelli.com\/fr\/wp-json\/wp\/v2\/product_brand?post=611839"},{"taxonomy":"product_cat","embeddable":true,"href":"https:\/\/lucacastelli.com\/fr\/wp-json\/wp\/v2\/product_cat?post=611839"},{"taxonomy":"product_tag","embeddable":true,"href":"https:\/\/lucacastelli.com\/fr\/wp-json\/wp\/v2\/product_tag?post=611839"}],"curies":[{"name":"wp","href":"https:\/\/api.w.org\/{rel}","templated":true}]}}