{"id":611836,"date":"2025-08-10T14:36:19","date_gmt":"2025-08-10T12:36:19","guid":{"rendered":"https:\/\/lucacastelli.com\/prodotto\/milwaukee-agrafes-isolees\/"},"modified":"2025-08-10T14:36:19","modified_gmt":"2025-08-10T12:36:19","slug":"milwaukee-agrafes-isolees","status":"publish","type":"product","link":"https:\/\/lucacastelli.com\/fr\/produit\/milwaukee-agrafes-isolees\/","title":{"rendered":"Milwaukee Agrafes isol\u00e9es"},"content":{"rendered":"<p>C\u00c2BLES \u00c9LECTRIQUES 25mm 600 pcs.<br \/>\nAgrafes isol\u00e9es pour M12 BCST;Agrafes de 19 mm de large et 25 mm de long pour fixer tous types de c\u00e2bles \u00e9lectriques\/donn\u00e9es aux poutres\/structures en bois. Ne convient pas pour la fixation sur le b\u00e9ton;Agrafes plates avec pont en plastique \u00e0 l&#8217;int\u00e9rieur. Le pont en plastique garantit que les c\u00e2bles ne sont pas endommag\u00e9s ou coup\u00e9s une fois fix\u00e9s;Convient uniquement \u00e0 un usage int\u00e9rieur.  <\/p>\n<p>4932479628<br \/>\n4058546374228<\/p>\n","protected":false},"excerpt":{"rendered":"<p>CABLES ELECTRIQUES 25mm 600 pcs<\/p>\n","protected":false},"featured_media":544292,"template":"","meta":{"_seopress_robots_primary_cat":"","_seopress_titles_title":"","_seopress_titles_desc":"","_seopress_robots_index":""},"product_brand":[3658],"product_cat":[1453,5532,167],"product_tag":[3273],"class_list":{"0":"post-611836","1":"product","2":"type-product","3":"status-publish","4":"has-post-thumbnail","6":"product_brand-milwaukee-fr","7":"product_cat-autres-appareils","8":"product_cat-diverses-machines-milwaukee","9":"product_cat-machines","10":"product_tag-import-milwau-fr","11":"sws-conto-ricavi-merci-rivendita-macchinari-fr","12":"sws-gruppo-iva-iva81-fr","14":"first","15":"onbackorder","16":"sale","17":"shipping-taxable","18":"purchasable","19":"product-type-simple"},"_links":{"self":[{"href":"https:\/\/lucacastelli.com\/fr\/wp-json\/wp\/v2\/product\/611836","targetHints":{"allow":["GET"]}}],"collection":[{"href":"https:\/\/lucacastelli.com\/fr\/wp-json\/wp\/v2\/product"}],"about":[{"href":"https:\/\/lucacastelli.com\/fr\/wp-json\/wp\/v2\/types\/product"}],"wp:featuredmedia":[{"embeddable":true,"href":"https:\/\/lucacastelli.com\/fr\/wp-json\/wp\/v2\/media\/544292"}],"wp:attachment":[{"href":"https:\/\/lucacastelli.com\/fr\/wp-json\/wp\/v2\/media?parent=611836"}],"wp:term":[{"taxonomy":"product_brand","embeddable":true,"href":"https:\/\/lucacastelli.com\/fr\/wp-json\/wp\/v2\/product_brand?post=611836"},{"taxonomy":"product_cat","embeddable":true,"href":"https:\/\/lucacastelli.com\/fr\/wp-json\/wp\/v2\/product_cat?post=611836"},{"taxonomy":"product_tag","embeddable":true,"href":"https:\/\/lucacastelli.com\/fr\/wp-json\/wp\/v2\/product_tag?post=611836"}],"curies":[{"name":"wp","href":"https:\/\/api.w.org\/{rel}","templated":true}]}}