{"id":611831,"date":"2025-08-10T14:36:20","date_gmt":"2025-08-10T12:36:20","guid":{"rendered":"https:\/\/lucacastelli.com\/prodotto\/milwaukee-cupping-machine-20-1-6-mm-m18-fuel\/"},"modified":"2025-08-10T14:36:20","modified_gmt":"2025-08-10T12:36:20","slug":"milwaukee-cupping-machine-20-1-6-mm-m18-fuel","status":"publish","type":"product","link":"https:\/\/lucacastelli.com\/fr\/produit\/milwaukee-cupping-machine-20-1-6-mm-m18-fuel\/","title":{"rendered":"Milwaukee Cupping Machine 20\u00b0 1.6 mm M18 FUEL"},"content":{"rendered":"<p>M18FN16GA-0 CLOUEUR \u00c0 ACCUMULATION<br \/>\nPerformances optimales m\u00eame sur les bois durs;Fixation extr\u00eamement rapide (temps de cuisson minimum);Entretien (sans gaz) et nettoyage minimum n\u00e9cessaires;Compatible avec les brads de 1,6 mm;\u00c9quip\u00e9 de diff\u00e9rentes buses pour garantir la meilleure finition pour chaque application;Permet de tirer le clou \u00e0 un angle plus aigu, pour une polyvalence maximale;R\u00e9glage rapide et facile de la profondeur du clou (sans outil);Verrouillage de l&#8217;outil juste avant d&#8217;\u00eatre \u00e0 court de brads dans le magasin;Jusqu&#8217;\u00e0 AL 1.200 brads avec une batterie REDLITHIUM\u2122 de 2,0 Ah;Acc\u00e8s rapide et facile aux brads verrouill\u00e9s;Lumi\u00e8re LED pour une meilleure vision de la frappe;Le moteur sans balais, l&#8217;\u00e9lectronique REDLINK PLUS\u2122 et la batterie REDLITHIUM\u2122 offrent des performances et une durabilit\u00e9 sup\u00e9rieures;Fonctionne avec toutes les batteries M18 Milwaukee.<\/p>\n<p>4933499154<br \/>\n4058546530235<\/p>\n","protected":false},"excerpt":{"rendered":"<p>M18FN16GA-0 CLOUEUR \u00c0 ACCUMULATION<\/p>\n","protected":false},"featured_media":587691,"template":"","meta":{"_seopress_robots_primary_cat":"","_seopress_titles_title":"","_seopress_titles_desc":"","_seopress_robots_index":""},"product_brand":[3407],"product_cat":[5531,29,514],"product_tag":[3270],"class_list":{"0":"post-611831","1":"product","2":"type-product","3":"status-publish","4":"has-post-thumbnail","6":"product_brand-milwaukee","7":"product_cat-vari-macchinari-milwaukee","8":"product_cat-macchinari","9":"product_cat-altri-dispositivi","10":"product_tag-import-milwau","11":"sws-conto-ricavi-merci-rivendita-macchinari-fr","12":"sws-gruppo-iva-iva81-fr","14":"first","15":"onbackorder","16":"sale","17":"shipping-taxable","18":"purchasable","19":"product-type-simple"},"_links":{"self":[{"href":"https:\/\/lucacastelli.com\/fr\/wp-json\/wp\/v2\/product\/611831","targetHints":{"allow":["GET"]}}],"collection":[{"href":"https:\/\/lucacastelli.com\/fr\/wp-json\/wp\/v2\/product"}],"about":[{"href":"https:\/\/lucacastelli.com\/fr\/wp-json\/wp\/v2\/types\/product"}],"wp:featuredmedia":[{"embeddable":true,"href":"https:\/\/lucacastelli.com\/fr\/wp-json\/wp\/v2\/media\/587691"}],"wp:attachment":[{"href":"https:\/\/lucacastelli.com\/fr\/wp-json\/wp\/v2\/media?parent=611831"}],"wp:term":[{"taxonomy":"product_brand","embeddable":true,"href":"https:\/\/lucacastelli.com\/fr\/wp-json\/wp\/v2\/product_brand?post=611831"},{"taxonomy":"product_cat","embeddable":true,"href":"https:\/\/lucacastelli.com\/fr\/wp-json\/wp\/v2\/product_cat?post=611831"},{"taxonomy":"product_tag","embeddable":true,"href":"https:\/\/lucacastelli.com\/fr\/wp-json\/wp\/v2\/product_tag?post=611831"}],"curies":[{"name":"wp","href":"https:\/\/api.w.org\/{rel}","templated":true}]}}