{"id":611726,"date":"2025-08-10T16:31:09","date_gmt":"2025-08-10T14:31:09","guid":{"rendered":"https:\/\/lucacastelli.com\/prodotto\/milwaukee-ecrou-a-anneau-fixtec-m14-universel\/"},"modified":"2025-08-10T16:31:09","modified_gmt":"2025-08-10T14:31:09","slug":"milwaukee-ecrou-a-anneau-fixtec-m14-universel","status":"publish","type":"product","link":"https:\/\/lucacastelli.com\/fr\/produit\/milwaukee-ecrou-a-anneau-fixtec-m14-universel\/","title":{"rendered":"Milwaukee \u00c9crou \u00e0 anneau Fixtec M14 universel"},"content":{"rendered":"<p>Fixtec \u00c9crou M14 universel-1pc<br \/>\nUtilisable universellement avec les meuleuses d&#8217;angle de 115 230 de diam\u00e8tre;Convient aux meuleuses avec frein moteur;FIXTEC : Remplacement du disque en quelques secondes, sans outil;Seulement 8 d&#8217;\u00e9paisseur : permet d&#8217;augmenter la surface du disque et de l&#8217;utiliser dans des endroits difficiles d&#8217;acc\u00e8s;Avec des trous int\u00e9gr\u00e9s pour les cl\u00e9s standard, si l&#8217;\u00e9crou ne peut plus \u00eatre retir\u00e9 \u00e0 la main<\/p>\n<p>4932498607<br \/>\n4058546524760<\/p>\n","protected":false},"excerpt":{"rendered":"<p>Fixtec \u00c9crou M14 universel-1pc<\/p>\n","protected":false},"featured_media":567589,"template":"","meta":{"_seopress_robots_primary_cat":"","_seopress_titles_title":"","_seopress_titles_desc":"","_seopress_robots_index":""},"product_brand":[3407],"product_cat":[5531,29],"product_tag":[3270],"class_list":{"0":"post-611726","1":"product","2":"type-product","3":"status-publish","4":"has-post-thumbnail","6":"product_brand-milwaukee","7":"product_cat-vari-macchinari-milwaukee","8":"product_cat-macchinari","9":"product_tag-import-milwau","10":"sws-conto-ricavi-merci-rivendita-macchinari-fr","11":"sws-gruppo-iva-iva81-fr","13":"first","14":"onbackorder","15":"sale","16":"shipping-taxable","17":"purchasable","18":"product-type-simple"},"_links":{"self":[{"href":"https:\/\/lucacastelli.com\/fr\/wp-json\/wp\/v2\/product\/611726","targetHints":{"allow":["GET"]}}],"collection":[{"href":"https:\/\/lucacastelli.com\/fr\/wp-json\/wp\/v2\/product"}],"about":[{"href":"https:\/\/lucacastelli.com\/fr\/wp-json\/wp\/v2\/types\/product"}],"wp:featuredmedia":[{"embeddable":true,"href":"https:\/\/lucacastelli.com\/fr\/wp-json\/wp\/v2\/media\/567589"}],"wp:attachment":[{"href":"https:\/\/lucacastelli.com\/fr\/wp-json\/wp\/v2\/media?parent=611726"}],"wp:term":[{"taxonomy":"product_brand","embeddable":true,"href":"https:\/\/lucacastelli.com\/fr\/wp-json\/wp\/v2\/product_brand?post=611726"},{"taxonomy":"product_cat","embeddable":true,"href":"https:\/\/lucacastelli.com\/fr\/wp-json\/wp\/v2\/product_cat?post=611726"},{"taxonomy":"product_tag","embeddable":true,"href":"https:\/\/lucacastelli.com\/fr\/wp-json\/wp\/v2\/product_tag?post=611726"}],"curies":[{"name":"wp","href":"https:\/\/api.w.org\/{rel}","templated":true}]}}