{"id":611708,"date":"2025-08-10T16:33:58","date_gmt":"2025-08-10T14:33:58","guid":{"rendered":"https:\/\/lucacastelli.com\/prodotto\/milwaukee-applications-speciales-fonte-materiaux-abrasifs-fibre-de-verre-2\/"},"modified":"2025-08-10T16:33:58","modified_gmt":"2025-08-10T14:33:58","slug":"milwaukee-applications-speciales-fonte-materiaux-abrasifs-fibre-de-verre-2","status":"publish","type":"product","link":"https:\/\/lucacastelli.com\/fr\/produit\/milwaukee-applications-speciales-fonte-materiaux-abrasifs-fibre-de-verre-2\/","title":{"rendered":"Milwaukee Applications sp\u00e9ciales : fonte \/ mat\u00e9riaux abrasifs \/ fibre de verre."},"content":{"rendered":"<p>LAME SD TCT Longueur mm\/Pas 450\/3<br \/>\nLame au carbure pour la coupe de mat\u00e9riaux abrasifs tels que le b\u00e9ton poreux, les briques tendres et semi-dures, le calcaire semi-dur;La hauteur de lame de 50 mm assure une plus grande stabilit\u00e9 et moins de vibrations;Corps de lame extra-\u00e9pais de 1,8 mm pour une dur\u00e9e de vie plus longue et des coupes plus droites. <\/p>\n<p>4932498322<br \/>\n4058546521912<\/p>\n","protected":false},"excerpt":{"rendered":"<p>LAME SD TCT Longueur mm\/Pas 450\/3 <\/p>\n","protected":false},"featured_media":567199,"template":"","meta":{"_seopress_robots_primary_cat":"","_seopress_titles_title":"","_seopress_titles_desc":"","_seopress_robots_index":""},"product_brand":[3407],"product_cat":[29,514,558],"product_tag":[3270],"class_list":{"0":"post-611708","1":"product","2":"type-product","3":"status-publish","4":"has-post-thumbnail","6":"product_brand-milwaukee","7":"product_cat-macchinari","8":"product_cat-altri-dispositivi","9":"product_cat-seghe-accessori-vari","10":"product_tag-import-milwau","11":"sws-conto-ricavi-merci-rivendita-macchinari-fr","12":"sws-gruppo-iva-iva81-fr","14":"first","15":"onbackorder","16":"sale","17":"shipping-taxable","18":"purchasable","19":"product-type-simple"},"_links":{"self":[{"href":"https:\/\/lucacastelli.com\/fr\/wp-json\/wp\/v2\/product\/611708","targetHints":{"allow":["GET"]}}],"collection":[{"href":"https:\/\/lucacastelli.com\/fr\/wp-json\/wp\/v2\/product"}],"about":[{"href":"https:\/\/lucacastelli.com\/fr\/wp-json\/wp\/v2\/types\/product"}],"wp:featuredmedia":[{"embeddable":true,"href":"https:\/\/lucacastelli.com\/fr\/wp-json\/wp\/v2\/media\/567199"}],"wp:attachment":[{"href":"https:\/\/lucacastelli.com\/fr\/wp-json\/wp\/v2\/media?parent=611708"}],"wp:term":[{"taxonomy":"product_brand","embeddable":true,"href":"https:\/\/lucacastelli.com\/fr\/wp-json\/wp\/v2\/product_brand?post=611708"},{"taxonomy":"product_cat","embeddable":true,"href":"https:\/\/lucacastelli.com\/fr\/wp-json\/wp\/v2\/product_cat?post=611708"},{"taxonomy":"product_tag","embeddable":true,"href":"https:\/\/lucacastelli.com\/fr\/wp-json\/wp\/v2\/product_tag?post=611708"}],"curies":[{"name":"wp","href":"https:\/\/api.w.org\/{rel}","templated":true}]}}