{"id":611707,"date":"2025-08-10T16:44:18","date_gmt":"2025-08-10T14:44:18","guid":{"rendered":"https:\/\/lucacastelli.com\/prodotto\/milwaukee-bolt-100-200-pieces-detachees-2\/"},"modified":"2025-08-10T16:44:18","modified_gmt":"2025-08-10T14:44:18","slug":"milwaukee-bolt-100-200-pieces-detachees-2","status":"publish","type":"product","link":"https:\/\/lucacastelli.com\/fr\/produit\/milwaukee-bolt-100-200-pieces-detachees-2\/","title":{"rendered":"Milwaukee BOLT\u2122 100 &amp; 200 pi\u00e8ces d\u00e9tach\u00e9es"},"content":{"rendered":"<p>EN397 4-POINT UNDERGROUND Ceinture &#8211; 1pcs<br \/>\nDoublure de la couronne et bandeau de transpiration rembourr\u00e9s et respirants. Facilement amovible, lavable en machine (30\u00b0C) et pi\u00e8ces rempla\u00e7ables&lt;br&gt; La jugulaire certifi\u00e9e EN397 est destin\u00e9e aux travaux au sol et poss\u00e8de un code couleur noir et gris. La jugulaire certifi\u00e9e EN12492 est destin\u00e9e au travail en hauteur et pr\u00e9sente un code couleur noir et rouge.  <\/p>\n<p>4932480661<br \/>\n4058546409463<\/p>\n","protected":false},"excerpt":{"rendered":"<p>Ceinture souterraine \u00e0 4 points EN397 &#8211; 1 pc<\/p>\n","protected":false},"featured_media":553356,"template":"","meta":{"_seopress_robots_primary_cat":"","_seopress_titles_title":"","_seopress_titles_desc":"","_seopress_robots_index":""},"product_brand":[3407],"product_cat":[33,537,815],"product_tag":[3270],"class_list":{"0":"post-611707","1":"product","2":"type-product","3":"status-publish","4":"has-post-thumbnail","6":"product_brand-milwaukee","7":"product_cat-attrezzature","8":"product_cat-attrezzatura-da-lavoro","9":"product_cat-caschi","10":"product_tag-import-milwau","11":"sws-conto-ricavi-merci-rivendita-macchinari-fr","12":"sws-gruppo-iva-iva81-fr","14":"first","15":"onbackorder","16":"shipping-taxable","17":"purchasable","18":"product-type-simple"},"_links":{"self":[{"href":"https:\/\/lucacastelli.com\/fr\/wp-json\/wp\/v2\/product\/611707","targetHints":{"allow":["GET"]}}],"collection":[{"href":"https:\/\/lucacastelli.com\/fr\/wp-json\/wp\/v2\/product"}],"about":[{"href":"https:\/\/lucacastelli.com\/fr\/wp-json\/wp\/v2\/types\/product"}],"wp:featuredmedia":[{"embeddable":true,"href":"https:\/\/lucacastelli.com\/fr\/wp-json\/wp\/v2\/media\/553356"}],"wp:attachment":[{"href":"https:\/\/lucacastelli.com\/fr\/wp-json\/wp\/v2\/media?parent=611707"}],"wp:term":[{"taxonomy":"product_brand","embeddable":true,"href":"https:\/\/lucacastelli.com\/fr\/wp-json\/wp\/v2\/product_brand?post=611707"},{"taxonomy":"product_cat","embeddable":true,"href":"https:\/\/lucacastelli.com\/fr\/wp-json\/wp\/v2\/product_cat?post=611707"},{"taxonomy":"product_tag","embeddable":true,"href":"https:\/\/lucacastelli.com\/fr\/wp-json\/wp\/v2\/product_tag?post=611707"}],"curies":[{"name":"wp","href":"https:\/\/api.w.org\/{rel}","templated":true}]}}