{"id":611693,"date":"2025-08-10T14:45:09","date_gmt":"2025-08-10T12:45:09","guid":{"rendered":"https:\/\/lucacastelli.com\/prodotto\/milwaukee-j18-v16\/"},"modified":"2025-08-10T14:45:09","modified_gmt":"2025-08-10T12:45:09","slug":"milwaukee-j18-v16","status":"publish","type":"product","link":"https:\/\/lucacastelli.com\/fr\/produit\/milwaukee-j18-v16\/","title":{"rendered":"MILWAUKEE J18-V16"},"content":{"rendered":"<p>M\u00e2choire J18-V16 1pcs<br \/>\nLes m\u00e2choires de pressage M18 FORCE LOGIC\u2122 sont con\u00e7ues pour r\u00e9pondre aux normes les plus strictes en mati\u00e8re de qualit\u00e9 et de durabilit\u00e9. Gr\u00e2ce \u00e0 la facilit\u00e9 d&#8217;ouverture du pouce, ces m\u00e2choires repr\u00e9sentent la solution de pressage la plus commode et la plus pratique <\/p>\n<p>4932471087<br \/>\n4058546287153<\/p>\n","protected":false},"excerpt":{"rendered":"<p>M\u00e2choire J18-V16 1pc<\/p>\n","protected":false},"featured_media":530690,"template":"","meta":{"_seopress_robots_primary_cat":"","_seopress_titles_title":"","_seopress_titles_desc":"","_seopress_robots_index":""},"product_brand":[3407],"product_cat":[5531,29,514],"product_tag":[3270],"class_list":{"0":"post-611693","1":"product","2":"type-product","3":"status-publish","4":"has-post-thumbnail","6":"product_brand-milwaukee","7":"product_cat-vari-macchinari-milwaukee","8":"product_cat-macchinari","9":"product_cat-altri-dispositivi","10":"product_tag-import-milwau","11":"sws-conto-ricavi-merci-rivendita-macchinari-fr","12":"sws-gruppo-iva-iva81-fr","14":"first","15":"onbackorder","16":"sale","17":"shipping-taxable","18":"purchasable","19":"product-type-simple"},"_links":{"self":[{"href":"https:\/\/lucacastelli.com\/fr\/wp-json\/wp\/v2\/product\/611693","targetHints":{"allow":["GET"]}}],"collection":[{"href":"https:\/\/lucacastelli.com\/fr\/wp-json\/wp\/v2\/product"}],"about":[{"href":"https:\/\/lucacastelli.com\/fr\/wp-json\/wp\/v2\/types\/product"}],"wp:featuredmedia":[{"embeddable":true,"href":"https:\/\/lucacastelli.com\/fr\/wp-json\/wp\/v2\/media\/530690"}],"wp:attachment":[{"href":"https:\/\/lucacastelli.com\/fr\/wp-json\/wp\/v2\/media?parent=611693"}],"wp:term":[{"taxonomy":"product_brand","embeddable":true,"href":"https:\/\/lucacastelli.com\/fr\/wp-json\/wp\/v2\/product_brand?post=611693"},{"taxonomy":"product_cat","embeddable":true,"href":"https:\/\/lucacastelli.com\/fr\/wp-json\/wp\/v2\/product_cat?post=611693"},{"taxonomy":"product_tag","embeddable":true,"href":"https:\/\/lucacastelli.com\/fr\/wp-json\/wp\/v2\/product_tag?post=611693"}],"curies":[{"name":"wp","href":"https:\/\/api.w.org\/{rel}","templated":true}]}}