{"id":611684,"date":"2025-08-10T14:45:06","date_gmt":"2025-08-10T12:45:06","guid":{"rendered":"https:\/\/lucacastelli.com\/prodotto\/milwaukee-j18-m28-geberit\/"},"modified":"2025-08-10T14:45:06","modified_gmt":"2025-08-10T12:45:06","slug":"milwaukee-j18-m28-geberit","status":"publish","type":"product","link":"https:\/\/lucacastelli.com\/fr\/produit\/milwaukee-j18-m28-geberit\/","title":{"rendered":"Milwaukee J18-M28 Geberit"},"content":{"rendered":"<p>J18-M28 Geberit \/SYSTEM ACCESSORIES<br \/>\nProfil\u00e9s de pressage originaux Geberit Mapress;Approbation compl\u00e8te du syst\u00e8me Geberit;M\u00e2choires durables minimisant l&#8217;entretien et les inspections<\/p>\n<p>4932480889<br \/>\n4058546411749<\/p>\n","protected":false},"excerpt":{"rendered":"<p>J18-M28 Geberit \/SYSTEM ACCESSORIES<\/p>\n","protected":false},"featured_media":554322,"template":"","meta":{"_seopress_robots_primary_cat":"","_seopress_titles_title":"","_seopress_titles_desc":"","_seopress_robots_index":""},"product_brand":[3658],"product_cat":[1453,5532,167],"product_tag":[3273],"class_list":{"0":"post-611684","1":"product","2":"type-product","3":"status-publish","4":"has-post-thumbnail","6":"product_brand-milwaukee-fr","7":"product_cat-autres-appareils","8":"product_cat-diverses-machines-milwaukee","9":"product_cat-machines","10":"product_tag-import-milwau-fr","11":"sws-conto-ricavi-merci-rivendita-macchinari-fr","12":"sws-gruppo-iva-iva81-fr","14":"first","15":"onbackorder","16":"sale","17":"shipping-taxable","18":"purchasable","19":"product-type-simple"},"_links":{"self":[{"href":"https:\/\/lucacastelli.com\/fr\/wp-json\/wp\/v2\/product\/611684","targetHints":{"allow":["GET"]}}],"collection":[{"href":"https:\/\/lucacastelli.com\/fr\/wp-json\/wp\/v2\/product"}],"about":[{"href":"https:\/\/lucacastelli.com\/fr\/wp-json\/wp\/v2\/types\/product"}],"wp:featuredmedia":[{"embeddable":true,"href":"https:\/\/lucacastelli.com\/fr\/wp-json\/wp\/v2\/media\/554322"}],"wp:attachment":[{"href":"https:\/\/lucacastelli.com\/fr\/wp-json\/wp\/v2\/media?parent=611684"}],"wp:term":[{"taxonomy":"product_brand","embeddable":true,"href":"https:\/\/lucacastelli.com\/fr\/wp-json\/wp\/v2\/product_brand?post=611684"},{"taxonomy":"product_cat","embeddable":true,"href":"https:\/\/lucacastelli.com\/fr\/wp-json\/wp\/v2\/product_cat?post=611684"},{"taxonomy":"product_tag","embeddable":true,"href":"https:\/\/lucacastelli.com\/fr\/wp-json\/wp\/v2\/product_tag?post=611684"}],"curies":[{"name":"wp","href":"https:\/\/api.w.org\/{rel}","templated":true}]}}