{"id":611681,"date":"2025-08-15T11:09:12","date_gmt":"2025-08-15T09:09:12","guid":{"rendered":"https:\/\/lucacastelli.com\/prodotto\/insert-isolant-protos-bt-com\/"},"modified":"2026-04-15T03:56:16","modified_gmt":"2026-04-15T01:56:16","slug":"insert-isolant-protos-bt-com","status":"publish","type":"product","link":"https:\/\/lucacastelli.com\/fr\/produit\/insert-isolant-protos-bt-com\/","title":{"rendered":"Protos\u00ae BT-Com insert isolant"},"content":{"rendered":"<p>Insert isolant pour le syst\u00e8me de communication Bluetooth Protos\u00ae BT-COM. Pour des raisons d\u2019hygi\u00e8ne, il est recommand\u00e9 de laver r\u00e9guli\u00e8rement l\u2019insert isolant ou de le remplacer si n\u00e9cessaire. <\/p>\n<p>Mat\u00e9riau : 100 % polyur\u00e9thane<br \/>\nConditionnement : 1 pi\u00e8ce<\/p>\n","protected":false},"excerpt":{"rendered":"<p>Insert isolant pour le syst\u00e8me de communication Bluetooth Protos\u00ae BT-COM. Pour des raisons d\u2019hygi\u00e8ne, il est recommand\u00e9 de laver r\u00e9guli\u00e8rement<\/p>\n","protected":false},"featured_media":610145,"template":"","meta":{"_seopress_robots_primary_cat":"none","_seopress_titles_title":"","_seopress_titles_desc":"","_seopress_robots_index":""},"product_brand":[3669,4722],"product_cat":[144,1397,1405],"product_tag":[],"class_list":{"0":"post-611681","1":"product","2":"type-product","3":"status-publish","4":"has-post-thumbnail","6":"product_brand-pfanner-fr","7":"product_brand-protos-fr","8":"product_cat-equipement","9":"product_cat-equipement-de-travail","10":"product_cat-casques","11":"sws-gruppo-no-gruppo-fr","12":"sws-conto-ricavi-merci-rivendita-abbigliamento-fr","13":"sws-gruppo-iva-iva81-fr","15":"first","16":"instock","17":"shipping-taxable","18":"purchasable","19":"product-type-simple"},"_links":{"self":[{"href":"https:\/\/lucacastelli.com\/fr\/wp-json\/wp\/v2\/product\/611681","targetHints":{"allow":["GET"]}}],"collection":[{"href":"https:\/\/lucacastelli.com\/fr\/wp-json\/wp\/v2\/product"}],"about":[{"href":"https:\/\/lucacastelli.com\/fr\/wp-json\/wp\/v2\/types\/product"}],"wp:featuredmedia":[{"embeddable":true,"href":"https:\/\/lucacastelli.com\/fr\/wp-json\/wp\/v2\/media\/610145"}],"wp:attachment":[{"href":"https:\/\/lucacastelli.com\/fr\/wp-json\/wp\/v2\/media?parent=611681"}],"wp:term":[{"taxonomy":"product_brand","embeddable":true,"href":"https:\/\/lucacastelli.com\/fr\/wp-json\/wp\/v2\/product_brand?post=611681"},{"taxonomy":"product_cat","embeddable":true,"href":"https:\/\/lucacastelli.com\/fr\/wp-json\/wp\/v2\/product_cat?post=611681"},{"taxonomy":"product_tag","embeddable":true,"href":"https:\/\/lucacastelli.com\/fr\/wp-json\/wp\/v2\/product_tag?post=611681"}],"curies":[{"name":"wp","href":"https:\/\/api.w.org\/{rel}","templated":true}]}}