{"id":611676,"date":"2025-08-15T14:16:06","date_gmt":"2025-08-15T12:16:06","guid":{"rendered":"https:\/\/lucacastelli.com\/prodotto\/protos-bt-com-usb-avec-cable-de-chargement\/"},"modified":"2026-04-15T03:56:19","modified_gmt":"2026-04-15T01:56:19","slug":"protos-bt-com-usb-avec-cable-de-chargement","status":"publish","type":"product","link":"https:\/\/lucacastelli.com\/fr\/produit\/protos-bt-com-usb-avec-cable-de-chargement\/","title":{"rendered":"Protos\u00ae BT-Com USB &#8211; avec c\u00e2ble de charge"},"content":{"rendered":"<p>Support de charge USB Protos\u00ae BT-Com, compatible avec le BT-Com comme pi\u00e8ce de rechange ou comme option de charge suppl\u00e9mentaire lors de vos d\u00e9placements.<\/p>\n","protected":false},"excerpt":{"rendered":"<p>Support de charge USB Protos\u00ae BT-Com, compatible avec le BT-Com comme pi\u00e8ce de rechange ou comme option de charge suppl\u00e9mentaire<\/p>\n","protected":false},"featured_media":610152,"template":"","meta":{"_seopress_robots_primary_cat":"none","_seopress_titles_title":"","_seopress_titles_desc":"","_seopress_robots_index":""},"product_brand":[3669,4722],"product_cat":[144,1397,1405],"product_tag":[],"class_list":{"0":"post-611676","1":"product","2":"type-product","3":"status-publish","4":"has-post-thumbnail","6":"product_brand-pfanner-fr","7":"product_brand-protos-fr","8":"product_cat-equipement","9":"product_cat-equipement-de-travail","10":"product_cat-casques","11":"sws-gruppo-no-gruppo-fr","12":"sws-conto-ricavi-merci-rivendita-abbigliamento-fr","13":"sws-gruppo-iva-iva81-fr","15":"first","16":"instock","17":"shipping-taxable","18":"purchasable","19":"product-type-simple"},"_links":{"self":[{"href":"https:\/\/lucacastelli.com\/fr\/wp-json\/wp\/v2\/product\/611676","targetHints":{"allow":["GET"]}}],"collection":[{"href":"https:\/\/lucacastelli.com\/fr\/wp-json\/wp\/v2\/product"}],"about":[{"href":"https:\/\/lucacastelli.com\/fr\/wp-json\/wp\/v2\/types\/product"}],"wp:featuredmedia":[{"embeddable":true,"href":"https:\/\/lucacastelli.com\/fr\/wp-json\/wp\/v2\/media\/610152"}],"wp:attachment":[{"href":"https:\/\/lucacastelli.com\/fr\/wp-json\/wp\/v2\/media?parent=611676"}],"wp:term":[{"taxonomy":"product_brand","embeddable":true,"href":"https:\/\/lucacastelli.com\/fr\/wp-json\/wp\/v2\/product_brand?post=611676"},{"taxonomy":"product_cat","embeddable":true,"href":"https:\/\/lucacastelli.com\/fr\/wp-json\/wp\/v2\/product_cat?post=611676"},{"taxonomy":"product_tag","embeddable":true,"href":"https:\/\/lucacastelli.com\/fr\/wp-json\/wp\/v2\/product_tag?post=611676"}],"curies":[{"name":"wp","href":"https:\/\/api.w.org\/{rel}","templated":true}]}}