{"id":611664,"date":"2025-08-15T10:45:05","date_gmt":"2025-08-15T08:45:05","guid":{"rendered":"https:\/\/lucacastelli.com\/prodotto\/protos-action-cam-mount\/"},"modified":"2026-04-15T03:54:43","modified_gmt":"2026-04-15T01:54:43","slug":"protos-action-cam-mount","status":"publish","type":"product","link":"https:\/\/lucacastelli.com\/fr\/produit\/protos-action-cam-mount\/","title":{"rendered":"Support Protos\u00ae pour action cam"},"content":{"rendered":"<p>Pour fixer en toute s\u00e9curit\u00e9 une action cam sur la visi\u00e8re Protos<br \/>\n-La visi\u00e8re peut \u00eatre ouverte normalement<\/p>\n<p>Mat\u00e9riau : 100 % PVC<\/p>\n","protected":false},"excerpt":{"rendered":"<p>Pour fixer en toute s\u00e9curit\u00e9 une action cam sur la visi\u00e8re Protos -La visi\u00e8re peut \u00eatre ouverte normalement Mat\u00e9riau :<\/p>\n","protected":false},"featured_media":610123,"template":"","meta":{"_seopress_robots_primary_cat":"none","_seopress_titles_title":"","_seopress_titles_desc":"","_seopress_robots_index":""},"product_brand":[3458,4381],"product_cat":[33,537,815],"product_tag":[],"class_list":{"0":"post-611664","1":"product","2":"type-product","3":"status-publish","4":"has-post-thumbnail","6":"product_brand-pfanner","7":"product_brand-protos","8":"product_cat-attrezzature","9":"product_cat-attrezzatura-da-lavoro","10":"product_cat-caschi","11":"sws-gruppo-no-gruppo-fr","12":"sws-conto-ricavi-merci-rivendita-abbigliamento-fr","13":"sws-gruppo-iva-iva81-fr","15":"first","16":"instock","17":"shipping-taxable","18":"purchasable","19":"product-type-simple"},"_links":{"self":[{"href":"https:\/\/lucacastelli.com\/fr\/wp-json\/wp\/v2\/product\/611664","targetHints":{"allow":["GET"]}}],"collection":[{"href":"https:\/\/lucacastelli.com\/fr\/wp-json\/wp\/v2\/product"}],"about":[{"href":"https:\/\/lucacastelli.com\/fr\/wp-json\/wp\/v2\/types\/product"}],"wp:featuredmedia":[{"embeddable":true,"href":"https:\/\/lucacastelli.com\/fr\/wp-json\/wp\/v2\/media\/610123"}],"wp:attachment":[{"href":"https:\/\/lucacastelli.com\/fr\/wp-json\/wp\/v2\/media?parent=611664"}],"wp:term":[{"taxonomy":"product_brand","embeddable":true,"href":"https:\/\/lucacastelli.com\/fr\/wp-json\/wp\/v2\/product_brand?post=611664"},{"taxonomy":"product_cat","embeddable":true,"href":"https:\/\/lucacastelli.com\/fr\/wp-json\/wp\/v2\/product_cat?post=611664"},{"taxonomy":"product_tag","embeddable":true,"href":"https:\/\/lucacastelli.com\/fr\/wp-json\/wp\/v2\/product_tag?post=611664"}],"curies":[{"name":"wp","href":"https:\/\/api.w.org\/{rel}","templated":true}]}}