{"id":611661,"date":"2025-08-14T18:58:10","date_gmt":"2025-08-14T16:58:10","guid":{"rendered":"https:\/\/lucacastelli.com\/prodotto\/protos-set-complet-de-lampes-y-compris-le-montage\/"},"modified":"2025-09-03T00:01:16","modified_gmt":"2025-09-02T22:01:16","slug":"protos-set-complet-de-lampes-y-compris-le-montage","status":"publish","type":"product","link":"https:\/\/lucacastelli.com\/fr\/produit\/protos-set-complet-de-lampes-y-compris-le-montage\/","title":{"rendered":"Protos set complet de lampes, y compris le montage"},"content":{"rendered":"<p>Maclip Light est une lampe de s\u00e9curit\u00e9 \u00e0 diodes \u00e9lectroluminescentes qui se monte \u00e0 l&#8217;ext\u00e9rieur du Protos\u00ae. Cette lampe est certifi\u00e9e DEKRA et n&#8217;est pas conductrice. De plus, elle est antid\u00e9flagrante conform\u00e9ment aux zones ATEX 1 et 21. Avec un flux lumineux de ~120 lumens, la lampe produit une luminosit\u00e9 suffisante pour la plupart des activit\u00e9s. Elle est 100 % \u00e9tanche et peut \u00eatre utilis\u00e9e des deux c\u00f4t\u00e9s. La lampe Maclip se fixe au Protos\u00ae gr\u00e2ce \u00e0 un syst\u00e8me magn\u00e9tique. Ce syst\u00e8me convient \u00e9galement au support de ceinture.<br \/>\nLe prix comprend :<br \/>\n-Lampe Maclip Light<br \/>\n-Porte-lampe<br \/>\n-Porte-casque<br \/>\n-Per\u00e7age\/montage<br \/>\nInformations importantes :<br \/>\nLe montage ne peut \u00eatre effectu\u00e9 que dans nos locaux, sinon la certification n&#8217;est plus garantie. Le per\u00e7age est un processus sp\u00e9cial et n&#8217;est effectu\u00e9 qu&#8217;apr\u00e8s paiement \u00e0 l&#8217;avance.       <\/p>\n","protected":false},"excerpt":{"rendered":"<p>Maclip Light est une lampe de s\u00e9curit\u00e9 \u00e0 diodes \u00e9lectroluminescentes qui se monte \u00e0 l&#8217;ext\u00e9rieur du Protos\u00ae. Cette lampe est<\/p>\n","protected":false},"featured_media":610061,"template":"","meta":{"_seopress_robots_primary_cat":"none","_seopress_titles_title":"","_seopress_titles_desc":"","_seopress_robots_index":""},"product_brand":[3669,4722],"product_cat":[1405,144,1397],"product_tag":[],"class_list":{"0":"post-611661","1":"product","2":"type-product","3":"status-publish","4":"has-post-thumbnail","6":"product_brand-pfanner-fr","7":"product_brand-protos-fr","8":"product_cat-casques","9":"product_cat-equipement","10":"product_cat-equipement-de-travail","11":"sws-gruppo-no-gruppo-fr","12":"sws-conto-ricavi-merci-rivendita-abbigliamento-fr","13":"sws-gruppo-iva-iva81-fr","15":"first","16":"instock","17":"shipping-taxable","18":"purchasable","19":"product-type-simple"},"_links":{"self":[{"href":"https:\/\/lucacastelli.com\/fr\/wp-json\/wp\/v2\/product\/611661","targetHints":{"allow":["GET"]}}],"collection":[{"href":"https:\/\/lucacastelli.com\/fr\/wp-json\/wp\/v2\/product"}],"about":[{"href":"https:\/\/lucacastelli.com\/fr\/wp-json\/wp\/v2\/types\/product"}],"wp:featuredmedia":[{"embeddable":true,"href":"https:\/\/lucacastelli.com\/fr\/wp-json\/wp\/v2\/media\/610061"}],"wp:attachment":[{"href":"https:\/\/lucacastelli.com\/fr\/wp-json\/wp\/v2\/media?parent=611661"}],"wp:term":[{"taxonomy":"product_brand","embeddable":true,"href":"https:\/\/lucacastelli.com\/fr\/wp-json\/wp\/v2\/product_brand?post=611661"},{"taxonomy":"product_cat","embeddable":true,"href":"https:\/\/lucacastelli.com\/fr\/wp-json\/wp\/v2\/product_cat?post=611661"},{"taxonomy":"product_tag","embeddable":true,"href":"https:\/\/lucacastelli.com\/fr\/wp-json\/wp\/v2\/product_tag?post=611661"}],"curies":[{"name":"wp","href":"https:\/\/api.w.org\/{rel}","templated":true}]}}