{"id":611660,"date":"2025-08-14T09:10:41","date_gmt":"2025-08-14T07:10:41","guid":{"rendered":"https:\/\/lucacastelli.com\/prodotto\/protos-clip-on-epingles-de-fixation-transparentes\/"},"modified":"2026-04-15T09:57:58","modified_gmt":"2026-04-15T07:57:58","slug":"protos-clip-on-epingles-de-fixation-transparentes","status":"publish","type":"product","link":"https:\/\/lucacastelli.com\/fr\/produit\/protos-clip-on-epingles-de-fixation-transparentes\/","title":{"rendered":"Pivots de fixation Protos\u00ae Clip-On Clear"},"content":{"rendered":"<p>Pivots de fixation pour le montage du kit Clip-on-Clear. Les visi\u00e8res en m\u00e9tal grav\u00e9 peuvent \u00eatre transform\u00e9es en visi\u00e8res ferm\u00e9es en un clin d\u2019\u0153il (par ex. pour les travaux de d\u00e9broussaillage). Offre \u00e9galement une protection \u00e0 la visi\u00e8re transparente (par ex. contre les rayures) et peut \u00eatre remplac\u00e9e facilement.<br \/>\nInformations<br \/>\nLes visi\u00e8res de rechange en PET doivent \u00eatre command\u00e9es s\u00e9par\u00e9ment avec le num\u00e9ro d\u2019article 204052 ou en kit complet avec le num\u00e9ro d\u2019article 204072.  <\/p>\n<p>Unit\u00e9 d\u2019emballage : 2x pivots de fixation (1x gauche + 1x droit)<\/p>\n","protected":false},"excerpt":{"rendered":"<p>Pivots de fixation pour le montage du kit Clip-on-Clear. Les visi\u00e8res en m\u00e9tal grav\u00e9 peuvent \u00eatre transform\u00e9es en visi\u00e8res ferm\u00e9es<\/p>\n","protected":false},"featured_media":608837,"template":"","meta":{"_seopress_robots_primary_cat":"","_seopress_titles_title":"","_seopress_titles_desc":"","_seopress_robots_index":""},"product_brand":[3669,4722],"product_cat":[1405,144,1397],"product_tag":[],"class_list":{"0":"post-611660","1":"product","2":"type-product","3":"status-publish","4":"has-post-thumbnail","6":"product_brand-pfanner-fr","7":"product_brand-protos-fr","8":"product_cat-casques","9":"product_cat-equipement","10":"product_cat-equipement-de-travail","11":"sws-gruppo-no-gruppo-fr","12":"sws-conto-ricavi-merci-rivendita-abbigliamento-fr","13":"sws-gruppo-iva-iva81-fr","15":"first","16":"instock","17":"shipping-taxable","18":"purchasable","19":"product-type-simple"},"_links":{"self":[{"href":"https:\/\/lucacastelli.com\/fr\/wp-json\/wp\/v2\/product\/611660","targetHints":{"allow":["GET"]}}],"collection":[{"href":"https:\/\/lucacastelli.com\/fr\/wp-json\/wp\/v2\/product"}],"about":[{"href":"https:\/\/lucacastelli.com\/fr\/wp-json\/wp\/v2\/types\/product"}],"wp:featuredmedia":[{"embeddable":true,"href":"https:\/\/lucacastelli.com\/fr\/wp-json\/wp\/v2\/media\/608837"}],"wp:attachment":[{"href":"https:\/\/lucacastelli.com\/fr\/wp-json\/wp\/v2\/media?parent=611660"}],"wp:term":[{"taxonomy":"product_brand","embeddable":true,"href":"https:\/\/lucacastelli.com\/fr\/wp-json\/wp\/v2\/product_brand?post=611660"},{"taxonomy":"product_cat","embeddable":true,"href":"https:\/\/lucacastelli.com\/fr\/wp-json\/wp\/v2\/product_cat?post=611660"},{"taxonomy":"product_tag","embeddable":true,"href":"https:\/\/lucacastelli.com\/fr\/wp-json\/wp\/v2\/product_tag?post=611660"}],"curies":[{"name":"wp","href":"https:\/\/api.w.org\/{rel}","templated":true}]}}