{"id":611654,"date":"2025-08-14T18:57:20","date_gmt":"2025-08-14T16:57:20","guid":{"rendered":"https:\/\/lucacastelli.com\/prodotto\/protos-maclip-porte-lumiere\/"},"modified":"2026-04-15T03:55:24","modified_gmt":"2026-04-15T01:55:24","slug":"protos-maclip-porte-lumiere","status":"publish","type":"product","link":"https:\/\/lucacastelli.com\/fr\/produit\/protos-maclip-porte-lumiere\/","title":{"rendered":"Support Protos\u00ae Maclip Light"},"content":{"rendered":"<p>Syst\u00e8me de clip magn\u00e9tique pour Maclip Light (utilisable des deux c\u00f4t\u00e9s). Si vous devez avoir les mains libres lors de l\u2019utilisation des lampes de s\u00e9curit\u00e9, il est conseill\u00e9 de fixer la lampe de s\u00e9curit\u00e9 au casque. Avec un support professionnel pour lampes de s\u00e9curit\u00e9, la lampe est fix\u00e9e de mani\u00e8re s\u00fbre et ne peut pas se d\u00e9tacher.<br \/>\nInfo<br \/>\nLe montage du support Maclip Light Protos\u00ae (204076) sur le Protos\u00ae doit \u00eatre effectu\u00e9 exclusivement par du personnel sp\u00e9cialis\u00e9. En cas de nouvelle commande d\u2019un Protos\u00ae Integral, il peut \u00eatre command\u00e9 d\u2019usine. Les accessoires et les ampoules peuvent \u00eatre achet\u00e9s comme pi\u00e8ces de rechange.<\/p>\n<p>Mat\u00e9riau : polyamide renforc\u00e9 de fibres de verre<\/p>\n","protected":false},"excerpt":{"rendered":"<p>Syst\u00e8me de clip magn\u00e9tique pour Maclip Light (utilisable des deux c\u00f4t\u00e9s). Si vous devez avoir les mains libres lors de<\/p>\n","protected":false},"featured_media":610056,"template":"","meta":{"_seopress_robots_primary_cat":"","_seopress_titles_title":"","_seopress_titles_desc":"","_seopress_robots_index":""},"product_brand":[3458,4381],"product_cat":[33,537,815],"product_tag":[],"class_list":{"0":"post-611654","1":"product","2":"type-product","3":"status-publish","4":"has-post-thumbnail","6":"product_brand-pfanner","7":"product_brand-protos","8":"product_cat-attrezzature","9":"product_cat-attrezzatura-da-lavoro","10":"product_cat-caschi","11":"sws-gruppo-no-gruppo-fr","12":"sws-conto-ricavi-merci-rivendita-abbigliamento-fr","13":"sws-gruppo-iva-iva81-fr","15":"first","16":"instock","17":"shipping-taxable","18":"purchasable","19":"product-type-simple"},"_links":{"self":[{"href":"https:\/\/lucacastelli.com\/fr\/wp-json\/wp\/v2\/product\/611654","targetHints":{"allow":["GET"]}}],"collection":[{"href":"https:\/\/lucacastelli.com\/fr\/wp-json\/wp\/v2\/product"}],"about":[{"href":"https:\/\/lucacastelli.com\/fr\/wp-json\/wp\/v2\/types\/product"}],"wp:featuredmedia":[{"embeddable":true,"href":"https:\/\/lucacastelli.com\/fr\/wp-json\/wp\/v2\/media\/610056"}],"wp:attachment":[{"href":"https:\/\/lucacastelli.com\/fr\/wp-json\/wp\/v2\/media?parent=611654"}],"wp:term":[{"taxonomy":"product_brand","embeddable":true,"href":"https:\/\/lucacastelli.com\/fr\/wp-json\/wp\/v2\/product_brand?post=611654"},{"taxonomy":"product_cat","embeddable":true,"href":"https:\/\/lucacastelli.com\/fr\/wp-json\/wp\/v2\/product_cat?post=611654"},{"taxonomy":"product_tag","embeddable":true,"href":"https:\/\/lucacastelli.com\/fr\/wp-json\/wp\/v2\/product_tag?post=611654"}],"curies":[{"name":"wp","href":"https:\/\/api.w.org\/{rel}","templated":true}]}}