{"id":611651,"date":"2025-08-15T18:58:59","date_gmt":"2025-08-15T16:58:59","guid":{"rendered":"https:\/\/lucacastelli.com\/prodotto\/pfanner-merino-thermolite-4\/"},"modified":"2026-04-14T14:02:38","modified_gmt":"2026-04-14T12:02:38","slug":"pfanner-merino-thermolite-4","status":"publish","type":"product","link":"https:\/\/lucacastelli.com\/fr\/produit\/pfanner-merino-thermolite-4\/","title":{"rendered":"PFANNER Merino Thermolite"},"content":{"rendered":"<p>Bonnet classique avec visi\u00e8re et doublure int\u00e9rieure en maille Merino Thermolite. Contrairement aux bonnets ordinaires, la laine m\u00e9rinos de qualit\u00e9 ne gratte pas, m\u00eame port\u00e9e longtemps. La doublure int\u00e9rieure Thermolite garantit une respirabilit\u00e9 optimale. La laine m\u00e9rinos du bonnet ext\u00e9rieur offre la meilleure isolation et reste naturellement inodore. Revers hautement \u00e9lastique r\u00e9glable 1\/1. Un best-seller depuis des ann\u00e9es, unique par sa conception high-tech.<br \/>\n&#8211; Bonnet \u00e0 double maille<br \/>\n&#8211; Doublure int\u00e9rieure en maille Thermolite<br \/>\n&#8211; Structure high-tech<br \/>\n&#8211; Ne gratte pas<br \/>\n&#8211; Hydrofuge<br \/>\n&#8211; Hautement \u00e9lastique     <\/p>\n<p>Mati\u00e8re :<br \/>\nExt\u00e9rieur : 100 % laine m\u00e9rinos<br \/>\nInt\u00e9rieur : 100 % Thermolite<br \/>\nTaille : taille unique<\/p>\n","protected":false},"excerpt":{"rendered":"<p>Bonnet classique avec visi\u00e8re et doublure int\u00e9rieure en maille Merino Thermolite. Contrairement aux bonnets ordinaires, la laine m\u00e9rinos de qualit\u00e9<\/p>\n","protected":false},"featured_media":610527,"template":"","meta":{"_seopress_robots_primary_cat":"none","_seopress_titles_title":"","_seopress_titles_desc":"","_seopress_robots_index":""},"product_brand":[3458],"product_cat":[21,186],"product_tag":[],"class_list":{"0":"post-611651","1":"product","2":"type-product","3":"status-publish","4":"has-post-thumbnail","6":"product_brand-pfanner","7":"product_cat-abbigliamento","8":"product_cat-accessori-per-labbigliamento","9":"sws-gruppo-no-gruppo-fr","10":"sws-conto-ricavi-merci-rivendita-abbigliamento-fr","11":"sws-gruppo-iva-iva81-fr","13":"first","14":"instock","15":"shipping-taxable","16":"purchasable","17":"product-type-variable","18":"has-default-attributes"},"_links":{"self":[{"href":"https:\/\/lucacastelli.com\/fr\/wp-json\/wp\/v2\/product\/611651","targetHints":{"allow":["GET"]}}],"collection":[{"href":"https:\/\/lucacastelli.com\/fr\/wp-json\/wp\/v2\/product"}],"about":[{"href":"https:\/\/lucacastelli.com\/fr\/wp-json\/wp\/v2\/types\/product"}],"wp:featuredmedia":[{"embeddable":true,"href":"https:\/\/lucacastelli.com\/fr\/wp-json\/wp\/v2\/media\/610527"}],"wp:attachment":[{"href":"https:\/\/lucacastelli.com\/fr\/wp-json\/wp\/v2\/media?parent=611651"}],"wp:term":[{"taxonomy":"product_brand","embeddable":true,"href":"https:\/\/lucacastelli.com\/fr\/wp-json\/wp\/v2\/product_brand?post=611651"},{"taxonomy":"product_cat","embeddable":true,"href":"https:\/\/lucacastelli.com\/fr\/wp-json\/wp\/v2\/product_cat?post=611651"},{"taxonomy":"product_tag","embeddable":true,"href":"https:\/\/lucacastelli.com\/fr\/wp-json\/wp\/v2\/product_tag?post=611651"}],"curies":[{"name":"wp","href":"https:\/\/api.w.org\/{rel}","templated":true}]}}