{"id":611647,"date":"2025-08-15T18:58:51","date_gmt":"2025-08-15T16:58:51","guid":{"rendered":"https:\/\/lucacastelli.com\/prodotto\/pfanner-merino-thermolite-3\/"},"modified":"2026-04-14T14:01:20","modified_gmt":"2026-04-14T12:01:20","slug":"pfanner-merino-thermolite-3","status":"publish","type":"product","link":"https:\/\/lucacastelli.com\/fr\/produit\/pfanner-merino-thermolite-3\/","title":{"rendered":"PFANNER Merino Thermolite"},"content":{"rendered":"<p>Bonnet classique avec visi\u00e8re et doublure int\u00e9rieure en tricot Merino Thermolite. Contrairement aux bonnets ordinaires, la laine m\u00e9rinos de qualit\u00e9 ne gratte pas m\u00eame apr\u00e8s un port prolong\u00e9. La doublure int\u00e9rieure Thermolite garantit une transpiration optimale. La laine m\u00e9rinos du bonnet ext\u00e9rieur offre la meilleure isolation et un comportement globalement inodore. Revers hautement \u00e9lastique r\u00e9glable 1\/1. Depuis des ann\u00e9es un best-seller et unique dans sa construction high-tech.<br \/>\n-Bonnet en double tricot<br \/>\n-Doublure int\u00e9rieure en tricot Thermolite<br \/>\n-Structure high-tech<br \/>\n-Ne gratte pas<br \/>\n-Hydrofuge<br \/>\n-Hautement \u00e9lastique     <\/p>\n<p>Mati\u00e8re :<br \/>\nExt\u00e9rieur : 100 % laine m\u00e9rinos<br \/>\nInt\u00e9rieur : 100 % Thermolite<br \/>\nTaille : taille unique<\/p>\n","protected":false},"excerpt":{"rendered":"<p>Bonnet classique avec visi\u00e8re et doublure int\u00e9rieure en tricot Merino Thermolite. Contrairement aux bonnets ordinaires, la laine m\u00e9rinos de qualit\u00e9<\/p>\n","protected":false},"featured_media":610519,"template":"","meta":{"_seopress_robots_primary_cat":"none","_seopress_titles_title":"","_seopress_titles_desc":"","_seopress_robots_index":""},"product_brand":[3458],"product_cat":[21,186],"product_tag":[],"class_list":{"0":"post-611647","1":"product","2":"type-product","3":"status-publish","4":"has-post-thumbnail","6":"product_brand-pfanner","7":"product_cat-abbigliamento","8":"product_cat-accessori-per-labbigliamento","9":"sws-gruppo-no-gruppo-fr","10":"sws-conto-ricavi-merci-rivendita-abbigliamento-fr","11":"sws-gruppo-iva-iva81-fr","13":"first","14":"instock","15":"shipping-taxable","16":"purchasable","17":"product-type-variable","18":"has-default-attributes"},"_links":{"self":[{"href":"https:\/\/lucacastelli.com\/fr\/wp-json\/wp\/v2\/product\/611647","targetHints":{"allow":["GET"]}}],"collection":[{"href":"https:\/\/lucacastelli.com\/fr\/wp-json\/wp\/v2\/product"}],"about":[{"href":"https:\/\/lucacastelli.com\/fr\/wp-json\/wp\/v2\/types\/product"}],"wp:featuredmedia":[{"embeddable":true,"href":"https:\/\/lucacastelli.com\/fr\/wp-json\/wp\/v2\/media\/610519"}],"wp:attachment":[{"href":"https:\/\/lucacastelli.com\/fr\/wp-json\/wp\/v2\/media?parent=611647"}],"wp:term":[{"taxonomy":"product_brand","embeddable":true,"href":"https:\/\/lucacastelli.com\/fr\/wp-json\/wp\/v2\/product_brand?post=611647"},{"taxonomy":"product_cat","embeddable":true,"href":"https:\/\/lucacastelli.com\/fr\/wp-json\/wp\/v2\/product_cat?post=611647"},{"taxonomy":"product_tag","embeddable":true,"href":"https:\/\/lucacastelli.com\/fr\/wp-json\/wp\/v2\/product_tag?post=611647"}],"curies":[{"name":"wp","href":"https:\/\/api.w.org\/{rel}","templated":true}]}}