{"id":611615,"date":"2025-08-10T16:22:43","date_gmt":"2025-08-10T14:22:43","guid":{"rendered":"https:\/\/lucacastelli.com\/prodotto\/chariot-de-brise-roche-milwaukee\/"},"modified":"2025-08-10T16:22:43","modified_gmt":"2025-08-10T14:22:43","slug":"chariot-de-brise-roche-milwaukee","status":"publish","type":"product","link":"https:\/\/lucacastelli.com\/fr\/produit\/chariot-de-brise-roche-milwaukee\/","title":{"rendered":"Chariot de brise-roche Milwaukee"},"content":{"rendered":"<p>BRT\/DEMOLITEURS ET PERFORATEURS<br \/>\nChariot avec logement pour quatre m\u00e8ches et c\u00e2ble, ce qui facilite le transport;Capacit\u00e9 de charge de 100 kg;Finition thermolaqu\u00e9e prot\u00e9geant des chocs;Compatible avec les mod\u00e8les K2000 H et K2628 H<\/p>\n<p>4933459794<br \/>\n4058546029661<\/p>\n","protected":false},"excerpt":{"rendered":"<p>BRT\/D\u00c9MOLISSEURS ET FOREURS<\/p>\n","protected":false},"featured_media":572880,"template":"","meta":{"_seopress_robots_primary_cat":"","_seopress_titles_title":"","_seopress_titles_desc":"","_seopress_robots_index":""},"product_brand":[3407],"product_cat":[5531,29],"product_tag":[3270],"class_list":{"0":"post-611615","1":"product","2":"type-product","3":"status-publish","4":"has-post-thumbnail","6":"product_brand-milwaukee","7":"product_cat-vari-macchinari-milwaukee","8":"product_cat-macchinari","9":"product_tag-import-milwau","10":"sws-conto-ricavi-merci-rivendita-macchinari-fr","11":"sws-gruppo-iva-iva81-fr","13":"first","14":"onbackorder","15":"sale","16":"shipping-taxable","17":"purchasable","18":"product-type-simple"},"_links":{"self":[{"href":"https:\/\/lucacastelli.com\/fr\/wp-json\/wp\/v2\/product\/611615","targetHints":{"allow":["GET"]}}],"collection":[{"href":"https:\/\/lucacastelli.com\/fr\/wp-json\/wp\/v2\/product"}],"about":[{"href":"https:\/\/lucacastelli.com\/fr\/wp-json\/wp\/v2\/types\/product"}],"wp:featuredmedia":[{"embeddable":true,"href":"https:\/\/lucacastelli.com\/fr\/wp-json\/wp\/v2\/media\/572880"}],"wp:attachment":[{"href":"https:\/\/lucacastelli.com\/fr\/wp-json\/wp\/v2\/media?parent=611615"}],"wp:term":[{"taxonomy":"product_brand","embeddable":true,"href":"https:\/\/lucacastelli.com\/fr\/wp-json\/wp\/v2\/product_brand?post=611615"},{"taxonomy":"product_cat","embeddable":true,"href":"https:\/\/lucacastelli.com\/fr\/wp-json\/wp\/v2\/product_cat?post=611615"},{"taxonomy":"product_tag","embeddable":true,"href":"https:\/\/lucacastelli.com\/fr\/wp-json\/wp\/v2\/product_tag?post=611615"}],"curies":[{"name":"wp","href":"https:\/\/api.w.org\/{rel}","templated":true}]}}