{"id":611606,"date":"2025-08-10T16:22:39","date_gmt":"2025-08-10T14:22:39","guid":{"rendered":"https:\/\/lucacastelli.com\/prodotto\/milwaukee-dia-cupmolette-de-poncage-sdcwug-125mm-1pc\/"},"modified":"2025-08-10T16:22:39","modified_gmt":"2025-08-10T14:22:39","slug":"milwaukee-dia-cupmolette-de-poncage-sdcwug-125mm-1pc","status":"publish","type":"product","link":"https:\/\/lucacastelli.com\/fr\/produit\/milwaukee-dia-cupmolette-de-poncage-sdcwug-125mm-1pc\/","title":{"rendered":"Milwaukee Dia.Cup+Molette de pon\u00e7age SDCWUG 125mm-1pc"},"content":{"rendered":"<p>Dia.Cup+Molette de pon\u00e7age SDCWUG 125mm-1pc<br \/>\nTampon diamant\u00e9 pour le pon\u00e7age de la pierre dure artificielle, des carreaux de porcelaine, de la c\u00e9ramique, du granit, du marbre, du bois, des plastiques durs et de l&#8217;acier<\/p>\n<p>4932480219<br \/>\n4058546405045<\/p>\n","protected":false},"excerpt":{"rendered":"<p>Dia.Cup+Molette de pon\u00e7age SDCWUG 125mm-1pc<\/p>\n","protected":false},"featured_media":547369,"template":"","meta":{"_seopress_robots_primary_cat":"","_seopress_titles_title":"","_seopress_titles_desc":"","_seopress_robots_index":""},"product_brand":[3407],"product_cat":[5531,29],"product_tag":[3270],"class_list":{"0":"post-611606","1":"product","2":"type-product","3":"status-publish","4":"has-post-thumbnail","6":"product_brand-milwaukee","7":"product_cat-vari-macchinari-milwaukee","8":"product_cat-macchinari","9":"product_tag-import-milwau","10":"sws-conto-ricavi-merci-rivendita-macchinari-fr","11":"sws-gruppo-iva-iva81-fr","13":"first","14":"onbackorder","15":"sale","16":"shipping-taxable","17":"purchasable","18":"product-type-simple"},"_links":{"self":[{"href":"https:\/\/lucacastelli.com\/fr\/wp-json\/wp\/v2\/product\/611606","targetHints":{"allow":["GET"]}}],"collection":[{"href":"https:\/\/lucacastelli.com\/fr\/wp-json\/wp\/v2\/product"}],"about":[{"href":"https:\/\/lucacastelli.com\/fr\/wp-json\/wp\/v2\/types\/product"}],"wp:featuredmedia":[{"embeddable":true,"href":"https:\/\/lucacastelli.com\/fr\/wp-json\/wp\/v2\/media\/547369"}],"wp:attachment":[{"href":"https:\/\/lucacastelli.com\/fr\/wp-json\/wp\/v2\/media?parent=611606"}],"wp:term":[{"taxonomy":"product_brand","embeddable":true,"href":"https:\/\/lucacastelli.com\/fr\/wp-json\/wp\/v2\/product_brand?post=611606"},{"taxonomy":"product_cat","embeddable":true,"href":"https:\/\/lucacastelli.com\/fr\/wp-json\/wp\/v2\/product_cat?post=611606"},{"taxonomy":"product_tag","embeddable":true,"href":"https:\/\/lucacastelli.com\/fr\/wp-json\/wp\/v2\/product_tag?post=611606"}],"curies":[{"name":"wp","href":"https:\/\/api.w.org\/{rel}","templated":true}]}}