{"id":611605,"date":"2025-08-10T16:22:41","date_gmt":"2025-08-10T14:22:41","guid":{"rendered":"https:\/\/lucacastelli.com\/prodotto\/milwaukee-dhmm-76\/"},"modified":"2025-08-10T16:22:41","modified_gmt":"2025-08-10T14:22:41","slug":"milwaukee-dhmm-76","status":"publish","type":"product","link":"https:\/\/lucacastelli.com\/fr\/produit\/milwaukee-dhmm-76\/","title":{"rendered":"MILWAUKEE DHMM 76"},"content":{"rendered":"<p>DISQUE DIAM DHMM 76MM pour M12FCOT -1pcs<br \/>\nDisque con\u00e7u pour une large gamme d&#8217;applications;Performance de coupe exceptionnelle gr\u00e2ce \u00e0 la concentration \u00e9lev\u00e9e en diamant;Convient \u00e0 une grande vari\u00e9t\u00e9 de mat\u00e9riaux tels que le PVC, le granit, les tuiles, la pierre artificielle dure, les composites, les plaques de pl\u00e2tre, les lattes de bois, les tiges filet\u00e9es et les feuilles de m\u00e9tal<\/p>\n<p>4932471333<br \/>\n4058546289614<\/p>\n","protected":false},"excerpt":{"rendered":"<p>DISQUES DIAM DHMM 76MM pour M12FCOT -1pcs<\/p>\n","protected":false},"featured_media":531484,"template":"","meta":{"_seopress_robots_primary_cat":"","_seopress_titles_title":"","_seopress_titles_desc":"","_seopress_robots_index":""},"product_brand":[3407],"product_cat":[5531,29],"product_tag":[3270],"class_list":{"0":"post-611605","1":"product","2":"type-product","3":"status-publish","4":"has-post-thumbnail","6":"product_brand-milwaukee","7":"product_cat-vari-macchinari-milwaukee","8":"product_cat-macchinari","9":"product_tag-import-milwau","10":"sws-conto-ricavi-merci-rivendita-macchinari-fr","11":"sws-gruppo-iva-iva81-fr","13":"first","14":"onbackorder","15":"sale","16":"shipping-taxable","17":"purchasable","18":"product-type-simple"},"_links":{"self":[{"href":"https:\/\/lucacastelli.com\/fr\/wp-json\/wp\/v2\/product\/611605","targetHints":{"allow":["GET"]}}],"collection":[{"href":"https:\/\/lucacastelli.com\/fr\/wp-json\/wp\/v2\/product"}],"about":[{"href":"https:\/\/lucacastelli.com\/fr\/wp-json\/wp\/v2\/types\/product"}],"wp:featuredmedia":[{"embeddable":true,"href":"https:\/\/lucacastelli.com\/fr\/wp-json\/wp\/v2\/media\/531484"}],"wp:attachment":[{"href":"https:\/\/lucacastelli.com\/fr\/wp-json\/wp\/v2\/media?parent=611605"}],"wp:term":[{"taxonomy":"product_brand","embeddable":true,"href":"https:\/\/lucacastelli.com\/fr\/wp-json\/wp\/v2\/product_brand?post=611605"},{"taxonomy":"product_cat","embeddable":true,"href":"https:\/\/lucacastelli.com\/fr\/wp-json\/wp\/v2\/product_cat?post=611605"},{"taxonomy":"product_tag","embeddable":true,"href":"https:\/\/lucacastelli.com\/fr\/wp-json\/wp\/v2\/product_tag?post=611605"}],"curies":[{"name":"wp","href":"https:\/\/api.w.org\/{rel}","templated":true}]}}