{"id":611600,"date":"2025-08-10T16:22:38","date_gmt":"2025-08-10T14:22:38","guid":{"rendered":"https:\/\/lucacastelli.com\/prodotto\/milwaukee-disque-abrasif-diamante-125mm-1pc\/"},"modified":"2025-08-10T16:22:38","modified_gmt":"2025-08-10T14:22:38","slug":"milwaukee-disque-abrasif-diamante-125mm-1pc","status":"publish","type":"product","link":"https:\/\/lucacastelli.com\/fr\/produit\/milwaukee-disque-abrasif-diamante-125mm-1pc\/","title":{"rendered":"Milwaukee Disque abrasif diamant\u00e9 125mm-1pc"},"content":{"rendered":"<p>Disque abrasif diamant\u00e9 125mm-1pc<br \/>\nParticules de diamant de haute qualit\u00e9 et renforcement sp\u00e9cial pour augmenter la durabilit\u00e9 et acc\u00e9l\u00e9rer l&#8217;enl\u00e8vement de mati\u00e8re;Pour le pon\u00e7age uniforme des surfaces en b\u00e9ton, granit et pierre naturelle;Pour le pon\u00e7age rapide des grandes couches de b\u00e9ton ainsi que des rev\u00eatements thermoplastiques et des rev\u00eatements de protection de couleur<\/p>\n<p>4932479094 4058546368883<\/p>\n","protected":false},"excerpt":{"rendered":"<p>Disque abrasif diamant\u00e9 125mm-1pc<\/p>\n","protected":false},"featured_media":543133,"template":"","meta":{"_seopress_robots_primary_cat":"","_seopress_titles_title":"","_seopress_titles_desc":"","_seopress_robots_index":""},"product_brand":[3407],"product_cat":[5531,29],"product_tag":[3270],"class_list":{"0":"post-611600","1":"product","2":"type-product","3":"status-publish","4":"has-post-thumbnail","6":"product_brand-milwaukee","7":"product_cat-vari-macchinari-milwaukee","8":"product_cat-macchinari","9":"product_tag-import-milwau","10":"sws-conto-ricavi-merci-rivendita-macchinari-fr","11":"sws-gruppo-iva-iva81-fr","13":"first","14":"onbackorder","15":"sale","16":"shipping-taxable","17":"purchasable","18":"product-type-simple"},"_links":{"self":[{"href":"https:\/\/lucacastelli.com\/fr\/wp-json\/wp\/v2\/product\/611600","targetHints":{"allow":["GET"]}}],"collection":[{"href":"https:\/\/lucacastelli.com\/fr\/wp-json\/wp\/v2\/product"}],"about":[{"href":"https:\/\/lucacastelli.com\/fr\/wp-json\/wp\/v2\/types\/product"}],"wp:featuredmedia":[{"embeddable":true,"href":"https:\/\/lucacastelli.com\/fr\/wp-json\/wp\/v2\/media\/543133"}],"wp:attachment":[{"href":"https:\/\/lucacastelli.com\/fr\/wp-json\/wp\/v2\/media?parent=611600"}],"wp:term":[{"taxonomy":"product_brand","embeddable":true,"href":"https:\/\/lucacastelli.com\/fr\/wp-json\/wp\/v2\/product_brand?post=611600"},{"taxonomy":"product_cat","embeddable":true,"href":"https:\/\/lucacastelli.com\/fr\/wp-json\/wp\/v2\/product_cat?post=611600"},{"taxonomy":"product_tag","embeddable":true,"href":"https:\/\/lucacastelli.com\/fr\/wp-json\/wp\/v2\/product_tag?post=611600"}],"curies":[{"name":"wp","href":"https:\/\/api.w.org\/{rel}","templated":true}]}}