{"id":611593,"date":"2025-08-10T16:22:37","date_gmt":"2025-08-10T14:22:37","guid":{"rendered":"https:\/\/lucacastelli.com\/prodotto\/milwaukee-rallonge-de-152-mm-pour-la-riveteuse-m18-onefprt\/"},"modified":"2025-08-10T16:22:37","modified_gmt":"2025-08-10T14:22:37","slug":"milwaukee-rallonge-de-152-mm-pour-la-riveteuse-m18-onefprt","status":"publish","type":"product","link":"https:\/\/lucacastelli.com\/fr\/produit\/milwaukee-rallonge-de-152-mm-pour-la-riveteuse-m18-onefprt\/","title":{"rendered":"Milwaukee Rallonge de 152 mm pour la riveteuse M18 ONEFPRT"},"content":{"rendered":"<p>M18 Fuel Rivet Tool Extension Nose<br \/>\nExtension de 152 mm pour la pose de rivets dans les espaces restreints;Extension en m\u00e9tal avec un diam\u00e8tre de col d&#8217;outil de seulement 33 mm;Compatible avec les buses de 4,8 mm, 6,0 mm, 6,4 mm et 7,0 mm de diam\u00e8tre pour la machine \u00e0 riveter M18 FUEL\u2122 ONE-KEY\u2122<\/p>\n<p>4932478962<br \/>\n4058546362447.<\/p>\n","protected":false},"excerpt":{"rendered":"<p>M18 Outil d&#8217;extension de nez pour rivets \u00e0 carburant<\/p>\n","protected":false},"featured_media":542588,"template":"","meta":{"_seopress_robots_primary_cat":"","_seopress_titles_title":"","_seopress_titles_desc":"","_seopress_robots_index":""},"product_brand":[3407],"product_cat":[5531,29],"product_tag":[3270],"class_list":{"0":"post-611593","1":"product","2":"type-product","3":"status-publish","4":"has-post-thumbnail","6":"product_brand-milwaukee","7":"product_cat-vari-macchinari-milwaukee","8":"product_cat-macchinari","9":"product_tag-import-milwau","10":"sws-conto-ricavi-merci-rivendita-macchinari-fr","11":"sws-gruppo-iva-iva81-fr","13":"first","14":"onbackorder","15":"sale","16":"shipping-taxable","17":"purchasable","18":"product-type-simple"},"_links":{"self":[{"href":"https:\/\/lucacastelli.com\/fr\/wp-json\/wp\/v2\/product\/611593","targetHints":{"allow":["GET"]}}],"collection":[{"href":"https:\/\/lucacastelli.com\/fr\/wp-json\/wp\/v2\/product"}],"about":[{"href":"https:\/\/lucacastelli.com\/fr\/wp-json\/wp\/v2\/types\/product"}],"wp:featuredmedia":[{"embeddable":true,"href":"https:\/\/lucacastelli.com\/fr\/wp-json\/wp\/v2\/media\/542588"}],"wp:attachment":[{"href":"https:\/\/lucacastelli.com\/fr\/wp-json\/wp\/v2\/media?parent=611593"}],"wp:term":[{"taxonomy":"product_brand","embeddable":true,"href":"https:\/\/lucacastelli.com\/fr\/wp-json\/wp\/v2\/product_brand?post=611593"},{"taxonomy":"product_cat","embeddable":true,"href":"https:\/\/lucacastelli.com\/fr\/wp-json\/wp\/v2\/product_cat?post=611593"},{"taxonomy":"product_tag","embeddable":true,"href":"https:\/\/lucacastelli.com\/fr\/wp-json\/wp\/v2\/product_tag?post=611593"}],"curies":[{"name":"wp","href":"https:\/\/api.w.org\/{rel}","templated":true}]}}