{"id":611561,"date":"2025-08-10T16:22:18","date_gmt":"2025-08-10T14:22:18","guid":{"rendered":"https:\/\/lucacastelli.com\/prodotto\/milwaukee-fraise-cylindrique-diamantee-m14\/"},"modified":"2025-08-10T16:22:18","modified_gmt":"2025-08-10T14:22:18","slug":"milwaukee-fraise-cylindrique-diamantee-m14","status":"publish","type":"product","link":"https:\/\/lucacastelli.com\/fr\/produit\/milwaukee-fraise-cylindrique-diamantee-m14\/","title":{"rendered":"Milwaukee Fraise cylindrique diamant\u00e9e M14"},"content":{"rendered":"<p>M14 Diamond Router Bit 20mm-1pc<br \/>\nPour les applications de fraisage et de fa\u00e7onnage dans divers mat\u00e9riaux, par exemple le gr\u00e8s c\u00e9rame, le granit, la pierre naturelle, le marbre, les briques, les tuiles et le b\u00e9ton;Pour le chanfreinage des mat\u00e9riaux mentionn\u00e9s ci-dessus;Pour l&#8217;agrandissement des trous existants;Attachement M14 pour le montage direct sur les meuleuses;Dur\u00e9e de vie : diamant de haute qualit\u00e9 pour assurer une durabilit\u00e9 maximale et offrir des performances de rodage \u00e9lev\u00e9es<\/p>\n<p>4932479078<br \/>\n4058546368722<\/p>\n","protected":false},"excerpt":{"rendered":"<p>M14 M\u00e8che de toupie diamant\u00e9e 20mm-1pc<\/p>\n","protected":false},"featured_media":543084,"template":"","meta":{"_seopress_robots_primary_cat":"","_seopress_titles_title":"","_seopress_titles_desc":"","_seopress_robots_index":""},"product_brand":[3407],"product_cat":[5531,29],"product_tag":[3270],"class_list":{"0":"post-611561","1":"product","2":"type-product","3":"status-publish","4":"has-post-thumbnail","6":"product_brand-milwaukee","7":"product_cat-vari-macchinari-milwaukee","8":"product_cat-macchinari","9":"product_tag-import-milwau","10":"sws-conto-ricavi-merci-rivendita-macchinari-fr","11":"sws-gruppo-iva-iva81-fr","13":"first","14":"onbackorder","15":"sale","16":"shipping-taxable","17":"purchasable","18":"product-type-simple"},"_links":{"self":[{"href":"https:\/\/lucacastelli.com\/fr\/wp-json\/wp\/v2\/product\/611561","targetHints":{"allow":["GET"]}}],"collection":[{"href":"https:\/\/lucacastelli.com\/fr\/wp-json\/wp\/v2\/product"}],"about":[{"href":"https:\/\/lucacastelli.com\/fr\/wp-json\/wp\/v2\/types\/product"}],"wp:featuredmedia":[{"embeddable":true,"href":"https:\/\/lucacastelli.com\/fr\/wp-json\/wp\/v2\/media\/543084"}],"wp:attachment":[{"href":"https:\/\/lucacastelli.com\/fr\/wp-json\/wp\/v2\/media?parent=611561"}],"wp:term":[{"taxonomy":"product_brand","embeddable":true,"href":"https:\/\/lucacastelli.com\/fr\/wp-json\/wp\/v2\/product_brand?post=611561"},{"taxonomy":"product_cat","embeddable":true,"href":"https:\/\/lucacastelli.com\/fr\/wp-json\/wp\/v2\/product_cat?post=611561"},{"taxonomy":"product_tag","embeddable":true,"href":"https:\/\/lucacastelli.com\/fr\/wp-json\/wp\/v2\/product_tag?post=611561"}],"curies":[{"name":"wp","href":"https:\/\/api.w.org\/{rel}","templated":true}]}}