{"id":611554,"date":"2025-08-10T16:13:25","date_gmt":"2025-08-10T14:13:25","guid":{"rendered":"https:\/\/lucacastelli.com\/prodotto\/milwaukee-ciseaux-a-usages-multiples\/"},"modified":"2025-08-10T16:13:25","modified_gmt":"2025-08-10T14:13:25","slug":"milwaukee-ciseaux-a-usages-multiples","status":"publish","type":"product","link":"https:\/\/lucacastelli.com\/fr\/produit\/milwaukee-ciseaux-a-usages-multiples\/","title":{"rendered":"Milwaukee Ciseaux \u00e0 usages multiples"},"content":{"rendered":"<p>Ciseaux d\u00e9cal\u00e9s<br \/>\nStructure en carbure de fer pour une durabilit\u00e9 maximale. Dur\u00e9e de vie sup\u00e9rieure \u00e0 celle de l&#8217;acier inoxydable;Lames chrom\u00e9es pour une protection maximale contre la rouille;Toute la structure des ciseaux est en m\u00e9tal pour une durabilit\u00e9 maximale contre les chutes, ce qui r\u00e9duit les risques de casse;\u00c9crou surdimensionn\u00e9 emp\u00eachant les lames de se d\u00e9tacher, ce qui permet de maintenir une grande pr\u00e9cision de coupe;Large poign\u00e9e pour une application facile, m\u00eame avec des gants ;Poign\u00e9e profil\u00e9e pour un plus grand confort;\u00c9chelle m\u00e9trique grav\u00e9e au laser sur le bord de la lame, permettant de mesurer et de couper en m\u00eame temps;Conception de la lame micro crant\u00e9e pour une durabilit\u00e9 maximale et une meilleure prise sur le mat\u00e9riau \u00e0 couper;Lames inclin\u00e9es \u00e0 60\u00b0, permettant \u00e0 l&#8217;utilisateur de garder sa main au-dessus du mat\u00e9riau \u00e0 couper. <\/p>\n<p>4932479410<br \/>\n4058546372040<\/p>\n","protected":false},"excerpt":{"rendered":"<p>Ciseaux d\u00e9cal\u00e9s<\/p>\n","protected":false},"featured_media":543720,"template":"","meta":{"_seopress_robots_primary_cat":"","_seopress_titles_title":"","_seopress_titles_desc":"","_seopress_robots_index":""},"product_brand":[3407],"product_cat":[5416,33],"product_tag":[3270],"class_list":{"0":"post-611554","1":"product","2":"type-product","3":"status-publish","4":"has-post-thumbnail","6":"product_brand-milwaukee","7":"product_cat-utensili-per-officina","8":"product_cat-attrezzature","9":"product_tag-import-milwau","10":"sws-conto-ricavi-merci-rivendita-macchinari-fr","11":"sws-gruppo-iva-iva81-fr","13":"first","14":"onbackorder","15":"shipping-taxable","16":"purchasable","17":"product-type-simple"},"_links":{"self":[{"href":"https:\/\/lucacastelli.com\/fr\/wp-json\/wp\/v2\/product\/611554","targetHints":{"allow":["GET"]}}],"collection":[{"href":"https:\/\/lucacastelli.com\/fr\/wp-json\/wp\/v2\/product"}],"about":[{"href":"https:\/\/lucacastelli.com\/fr\/wp-json\/wp\/v2\/types\/product"}],"wp:featuredmedia":[{"embeddable":true,"href":"https:\/\/lucacastelli.com\/fr\/wp-json\/wp\/v2\/media\/543720"}],"wp:attachment":[{"href":"https:\/\/lucacastelli.com\/fr\/wp-json\/wp\/v2\/media?parent=611554"}],"wp:term":[{"taxonomy":"product_brand","embeddable":true,"href":"https:\/\/lucacastelli.com\/fr\/wp-json\/wp\/v2\/product_brand?post=611554"},{"taxonomy":"product_cat","embeddable":true,"href":"https:\/\/lucacastelli.com\/fr\/wp-json\/wp\/v2\/product_cat?post=611554"},{"taxonomy":"product_tag","embeddable":true,"href":"https:\/\/lucacastelli.com\/fr\/wp-json\/wp\/v2\/product_tag?post=611554"}],"curies":[{"name":"wp","href":"https:\/\/api.w.org\/{rel}","templated":true}]}}