{"id":611548,"date":"2025-08-10T16:13:18","date_gmt":"2025-08-10T14:13:18","guid":{"rendered":"https:\/\/lucacastelli.com\/prodotto\/ciseaux-delectricien-milwaukee\/"},"modified":"2025-08-10T16:13:18","modified_gmt":"2025-08-10T14:13:18","slug":"ciseaux-delectricien-milwaukee","status":"publish","type":"product","link":"https:\/\/lucacastelli.com\/fr\/produit\/ciseaux-delectricien-milwaukee\/","title":{"rendered":"Ciseaux d&#8217;\u00e9lectricien Milwaukee"},"content":{"rendered":"<p>Ciseaux d&#8217;\u00e9lectricien<br \/>\nRainure de coupe-c\u00e2ble pour plus d&#8217;effet de levier;Rainure arrondie permettant de d\u00e9nuder facilement les fils;Sertisseuse pour sertir jusqu&#8217;\u00e0 6 mm;Vis de serrage r\u00e9glable permettant d&#8217;ajuster la force d\u00e9sir\u00e9e;\u00c9tui pour un rangement facile<\/p>\n<p>4932478620<br \/>\n4058546348137<\/p>\n","protected":false},"excerpt":{"rendered":"<p>Ciseaux d&#8217;\u00e9lectricien<\/p>\n","protected":false},"featured_media":541323,"template":"","meta":{"_seopress_robots_primary_cat":"","_seopress_titles_title":"","_seopress_titles_desc":"","_seopress_robots_index":""},"product_brand":[3407],"product_cat":[5416,33],"product_tag":[3270],"class_list":{"0":"post-611548","1":"product","2":"type-product","3":"status-publish","4":"has-post-thumbnail","6":"product_brand-milwaukee","7":"product_cat-utensili-per-officina","8":"product_cat-attrezzature","9":"product_tag-import-milwau","10":"sws-conto-ricavi-merci-rivendita-macchinari-fr","11":"sws-gruppo-iva-iva81-fr","13":"first","14":"onbackorder","15":"shipping-taxable","16":"purchasable","17":"product-type-simple"},"_links":{"self":[{"href":"https:\/\/lucacastelli.com\/fr\/wp-json\/wp\/v2\/product\/611548","targetHints":{"allow":["GET"]}}],"collection":[{"href":"https:\/\/lucacastelli.com\/fr\/wp-json\/wp\/v2\/product"}],"about":[{"href":"https:\/\/lucacastelli.com\/fr\/wp-json\/wp\/v2\/types\/product"}],"wp:featuredmedia":[{"embeddable":true,"href":"https:\/\/lucacastelli.com\/fr\/wp-json\/wp\/v2\/media\/541323"}],"wp:attachment":[{"href":"https:\/\/lucacastelli.com\/fr\/wp-json\/wp\/v2\/media?parent=611548"}],"wp:term":[{"taxonomy":"product_brand","embeddable":true,"href":"https:\/\/lucacastelli.com\/fr\/wp-json\/wp\/v2\/product_brand?post=611548"},{"taxonomy":"product_cat","embeddable":true,"href":"https:\/\/lucacastelli.com\/fr\/wp-json\/wp\/v2\/product_cat?post=611548"},{"taxonomy":"product_tag","embeddable":true,"href":"https:\/\/lucacastelli.com\/fr\/wp-json\/wp\/v2\/product_tag?post=611548"}],"curies":[{"name":"wp","href":"https:\/\/api.w.org\/{rel}","templated":true}]}}