{"id":611519,"date":"2025-08-10T16:31:03","date_gmt":"2025-08-10T14:31:03","guid":{"rendered":"https:\/\/lucacastelli.com\/prodotto\/milwaukee-coupeuses-rotatives-3\/"},"modified":"2025-08-10T16:31:03","modified_gmt":"2025-08-10T14:31:03","slug":"milwaukee-coupeuses-rotatives-3","status":"publish","type":"product","link":"https:\/\/lucacastelli.com\/fr\/produit\/milwaukee-coupeuses-rotatives-3\/","title":{"rendered":"Milwaukee Coupeuses rotatives"},"content":{"rendered":"<p>FRAISES ROTATIVES 6&#215;12.7 MM 5 PZ<br \/>\nConforme \u00e0 la norme DIN 8033. ;La g\u00e9om\u00e9trie des dents \u00e0 double coupe garantit un excellent enl\u00e8vement de mati\u00e8re, de faibles vibrations pour une manipulation ais\u00e9e.Convient pour l&#8217;acier non tremp\u00e9 et tremp\u00e9, la fonte et les m\u00e9taux non ferreux (aluminium, laiton, cuivre).;Comprend : les types B, C, D, H, M.;Type B : cylindre de coupe;Type C : cylindre \u00e0 t\u00eate ronde;Type D : rond ou en forme de boule;Type H : flamme;Type M : conique<\/p>\n<p>4932493576<br \/>\n4058546484477<\/p>\n","protected":false},"excerpt":{"rendered":"<p>JEU DE COUPEURS ROTATIFS 6&#215;12.7 MM 5 PCS<\/p>\n","protected":false},"featured_media":562714,"template":"","meta":{"_seopress_robots_primary_cat":"","_seopress_titles_title":"","_seopress_titles_desc":"","_seopress_robots_index":""},"product_brand":[3658],"product_cat":[5532,167],"product_tag":[3273],"class_list":{"0":"post-611519","1":"product","2":"type-product","3":"status-publish","4":"has-post-thumbnail","6":"product_brand-milwaukee-fr","7":"product_cat-diverses-machines-milwaukee","8":"product_cat-machines","9":"product_tag-import-milwau-fr","10":"sws-conto-ricavi-merci-rivendita-macchinari-fr","11":"sws-gruppo-iva-iva81-fr","13":"first","14":"onbackorder","15":"sale","16":"shipping-taxable","17":"purchasable","18":"product-type-simple"},"_links":{"self":[{"href":"https:\/\/lucacastelli.com\/fr\/wp-json\/wp\/v2\/product\/611519","targetHints":{"allow":["GET"]}}],"collection":[{"href":"https:\/\/lucacastelli.com\/fr\/wp-json\/wp\/v2\/product"}],"about":[{"href":"https:\/\/lucacastelli.com\/fr\/wp-json\/wp\/v2\/types\/product"}],"wp:featuredmedia":[{"embeddable":true,"href":"https:\/\/lucacastelli.com\/fr\/wp-json\/wp\/v2\/media\/562714"}],"wp:attachment":[{"href":"https:\/\/lucacastelli.com\/fr\/wp-json\/wp\/v2\/media?parent=611519"}],"wp:term":[{"taxonomy":"product_brand","embeddable":true,"href":"https:\/\/lucacastelli.com\/fr\/wp-json\/wp\/v2\/product_brand?post=611519"},{"taxonomy":"product_cat","embeddable":true,"href":"https:\/\/lucacastelli.com\/fr\/wp-json\/wp\/v2\/product_cat?post=611519"},{"taxonomy":"product_tag","embeddable":true,"href":"https:\/\/lucacastelli.com\/fr\/wp-json\/wp\/v2\/product_tag?post=611519"}],"curies":[{"name":"wp","href":"https:\/\/api.w.org\/{rel}","templated":true}]}}