{"id":611513,"date":"2025-08-10T16:31:05","date_gmt":"2025-08-10T14:31:05","guid":{"rendered":"https:\/\/lucacastelli.com\/prodotto\/milwaukee-coupeuses-rotatives\/"},"modified":"2025-08-10T16:31:05","modified_gmt":"2025-08-10T14:31:05","slug":"milwaukee-coupeuses-rotatives","status":"publish","type":"product","link":"https:\/\/lucacastelli.com\/fr\/produit\/milwaukee-coupeuses-rotatives\/","title":{"rendered":"Milwaukee Coupeuses rotatives"},"content":{"rendered":"<p>JEU DE COUTEAUX DE FRAISAGE ROTATIFS 6&#215;10 MM 5 PZ<br \/>\nConforme \u00e0 la norme DIN 8033;La g\u00e9om\u00e9trie des dents \u00e0 double coupe assure un excellent enl\u00e8vement de mati\u00e8re, peu de vibrations pour une manipulation ais\u00e9e;Convient \u00e0 l&#8217;acier non tremp\u00e9 et tremp\u00e9, \u00e0 la fonte et aux m\u00e9taux non ferreux (aluminium, laiton, cuivre);Comprend : Types B, C, D, H, M;Type B : cylindre coup\u00e9;Type C : cylindre \u00e0 t\u00eate ronde;Type D : t\u00eate ronde ou sph\u00e9rique;Type H : flamme;Type M : conique;Convient pour M18 FDGRB<\/p>\n<p>4932493577<br \/>\n4058546484484<\/p>\n","protected":false},"excerpt":{"rendered":"<p>JEU DE COUPEURS ROTATIFS 6&#215;10 MM 5 PCS<\/p>\n","protected":false},"featured_media":600941,"template":"","meta":{"_seopress_robots_primary_cat":"","_seopress_titles_title":"","_seopress_titles_desc":"","_seopress_robots_index":""},"product_brand":[3407],"product_cat":[5531,29],"product_tag":[3270],"class_list":{"0":"post-611513","1":"product","2":"type-product","3":"status-publish","4":"has-post-thumbnail","6":"product_brand-milwaukee","7":"product_cat-vari-macchinari-milwaukee","8":"product_cat-macchinari","9":"product_tag-import-milwau","10":"sws-conto-ricavi-merci-rivendita-macchinari-fr","11":"sws-gruppo-iva-iva81-fr","13":"first","14":"onbackorder","15":"sale","16":"shipping-taxable","17":"purchasable","18":"product-type-simple"},"_links":{"self":[{"href":"https:\/\/lucacastelli.com\/fr\/wp-json\/wp\/v2\/product\/611513","targetHints":{"allow":["GET"]}}],"collection":[{"href":"https:\/\/lucacastelli.com\/fr\/wp-json\/wp\/v2\/product"}],"about":[{"href":"https:\/\/lucacastelli.com\/fr\/wp-json\/wp\/v2\/types\/product"}],"wp:featuredmedia":[{"embeddable":true,"href":"https:\/\/lucacastelli.com\/fr\/wp-json\/wp\/v2\/media\/600941"}],"wp:attachment":[{"href":"https:\/\/lucacastelli.com\/fr\/wp-json\/wp\/v2\/media?parent=611513"}],"wp:term":[{"taxonomy":"product_brand","embeddable":true,"href":"https:\/\/lucacastelli.com\/fr\/wp-json\/wp\/v2\/product_brand?post=611513"},{"taxonomy":"product_cat","embeddable":true,"href":"https:\/\/lucacastelli.com\/fr\/wp-json\/wp\/v2\/product_cat?post=611513"},{"taxonomy":"product_tag","embeddable":true,"href":"https:\/\/lucacastelli.com\/fr\/wp-json\/wp\/v2\/product_tag?post=611513"}],"curies":[{"name":"wp","href":"https:\/\/api.w.org\/{rel}","templated":true}]}}