{"id":611506,"date":"2025-08-10T15:17:29","date_gmt":"2025-08-10T13:17:29","guid":{"rendered":"https:\/\/lucacastelli.com\/prodotto\/milwaukee-performance-lunettes-de-securite-4\/"},"modified":"2025-08-10T15:17:29","modified_gmt":"2025-08-10T13:17:29","slug":"milwaukee-performance-lunettes-de-securite-4","status":"publish","type":"product","link":"https:\/\/lucacastelli.com\/fr\/produit\/milwaukee-performance-lunettes-de-securite-4\/","title":{"rendered":"Milwaukee PERFORMANCE lunettes de s\u00e9curit\u00e9"},"content":{"rendered":"<p>VERRES DE S\u00c9CURIT\u00c9 BULK PERF CLAIRS<br \/>\nVerres avec traitement anti-rayures;Verres avec traitement anti-bu\u00e9e;Branches souples et flexibles pour un confort prolong\u00e9 lors de l&#8217;utilisation;Certification europ\u00e9enne : EN166, EN168 et EN172<\/p>\n<p>4932479027<br \/>\n4058546363178<\/p>\n","protected":false},"excerpt":{"rendered":"<p>LUNETTES DE S\u00c9CURIT\u00c9 PERF EN VRAC TRANSPARENTES<\/p>\n","protected":false},"featured_media":538227,"template":"","meta":{"_seopress_robots_primary_cat":"","_seopress_titles_title":"","_seopress_titles_desc":"","_seopress_robots_index":""},"product_brand":[3407],"product_cat":[33,537,816],"product_tag":[3270],"class_list":{"0":"post-611506","1":"product","2":"type-product","3":"status-publish","4":"has-post-thumbnail","6":"product_brand-milwaukee","7":"product_cat-attrezzature","8":"product_cat-attrezzatura-da-lavoro","9":"product_cat-visiere-e-occhiali-protettivi","10":"product_tag-import-milwau","11":"sws-conto-ricavi-merci-rivendita-macchinari-fr","12":"sws-gruppo-iva-iva81-fr","14":"first","15":"onbackorder","16":"shipping-taxable","17":"purchasable","18":"product-type-simple"},"_links":{"self":[{"href":"https:\/\/lucacastelli.com\/fr\/wp-json\/wp\/v2\/product\/611506","targetHints":{"allow":["GET"]}}],"collection":[{"href":"https:\/\/lucacastelli.com\/fr\/wp-json\/wp\/v2\/product"}],"about":[{"href":"https:\/\/lucacastelli.com\/fr\/wp-json\/wp\/v2\/types\/product"}],"wp:featuredmedia":[{"embeddable":true,"href":"https:\/\/lucacastelli.com\/fr\/wp-json\/wp\/v2\/media\/538227"}],"wp:attachment":[{"href":"https:\/\/lucacastelli.com\/fr\/wp-json\/wp\/v2\/media?parent=611506"}],"wp:term":[{"taxonomy":"product_brand","embeddable":true,"href":"https:\/\/lucacastelli.com\/fr\/wp-json\/wp\/v2\/product_brand?post=611506"},{"taxonomy":"product_cat","embeddable":true,"href":"https:\/\/lucacastelli.com\/fr\/wp-json\/wp\/v2\/product_cat?post=611506"},{"taxonomy":"product_tag","embeddable":true,"href":"https:\/\/lucacastelli.com\/fr\/wp-json\/wp\/v2\/product_tag?post=611506"}],"curies":[{"name":"wp","href":"https:\/\/api.w.org\/{rel}","templated":true}]}}