{"id":611497,"date":"2025-08-10T15:17:25","date_gmt":"2025-08-10T13:17:25","guid":{"rendered":"https:\/\/lucacastelli.com\/prodotto\/lunettes-de-securite-milwaukee-premium-avec-insert-en-mousse-2\/"},"modified":"2025-08-10T15:17:25","modified_gmt":"2025-08-10T13:17:25","slug":"lunettes-de-securite-milwaukee-premium-avec-insert-en-mousse-2","status":"publish","type":"product","link":"https:\/\/lucacastelli.com\/fr\/produit\/lunettes-de-securite-milwaukee-premium-avec-insert-en-mousse-2\/","title":{"rendered":"Lunettes de s\u00e9curit\u00e9 Milwaukee PREMIUM avec insert en mousse"},"content":{"rendered":"<p>OCCH SICUR HPERFORMANCE dark polar 1pcs<br \/>\nLes verres polaris\u00e9s offrent une protection contre l&#8217;\u00e9blouissement du soleil;Insert en mousse amovible pour une protection accrue contre la p\u00e9n\u00e9tration de d\u00e9bris;Branches souples et flexibles pour un confort prolong\u00e9 pendant l&#8217;utilisation;Verres avec traitement anti-rayures;Verres avec traitement anti-bu\u00e9e;\u00c9tui souple inclus;Certificat europ\u00e9en : EN166, EN168 et EN 172<\/p>\n<p>4932471886<br \/>\n4058546297855<\/p>\n","protected":false},"excerpt":{"rendered":"<p>OCCH SICUR HPERFORMANCE polaire fonc\u00e9 1pcs<\/p>\n","protected":false},"featured_media":549862,"template":"","meta":{"_seopress_robots_primary_cat":"","_seopress_titles_title":"","_seopress_titles_desc":"","_seopress_robots_index":""},"product_brand":[3407],"product_cat":[33,537,816],"product_tag":[3270],"class_list":{"0":"post-611497","1":"product","2":"type-product","3":"status-publish","4":"has-post-thumbnail","6":"product_brand-milwaukee","7":"product_cat-attrezzature","8":"product_cat-attrezzatura-da-lavoro","9":"product_cat-visiere-e-occhiali-protettivi","10":"product_tag-import-milwau","11":"sws-conto-ricavi-merci-rivendita-macchinari-fr","12":"sws-gruppo-iva-iva81-fr","14":"first","15":"onbackorder","16":"shipping-taxable","17":"purchasable","18":"product-type-simple"},"_links":{"self":[{"href":"https:\/\/lucacastelli.com\/fr\/wp-json\/wp\/v2\/product\/611497","targetHints":{"allow":["GET"]}}],"collection":[{"href":"https:\/\/lucacastelli.com\/fr\/wp-json\/wp\/v2\/product"}],"about":[{"href":"https:\/\/lucacastelli.com\/fr\/wp-json\/wp\/v2\/types\/product"}],"wp:featuredmedia":[{"embeddable":true,"href":"https:\/\/lucacastelli.com\/fr\/wp-json\/wp\/v2\/media\/549862"}],"wp:attachment":[{"href":"https:\/\/lucacastelli.com\/fr\/wp-json\/wp\/v2\/media?parent=611497"}],"wp:term":[{"taxonomy":"product_brand","embeddable":true,"href":"https:\/\/lucacastelli.com\/fr\/wp-json\/wp\/v2\/product_brand?post=611497"},{"taxonomy":"product_cat","embeddable":true,"href":"https:\/\/lucacastelli.com\/fr\/wp-json\/wp\/v2\/product_cat?post=611497"},{"taxonomy":"product_tag","embeddable":true,"href":"https:\/\/lucacastelli.com\/fr\/wp-json\/wp\/v2\/product_tag?post=611497"}],"curies":[{"name":"wp","href":"https:\/\/api.w.org\/{rel}","templated":true}]}}