{"id":611494,"date":"2025-08-10T15:17:27","date_gmt":"2025-08-10T13:17:27","guid":{"rendered":"https:\/\/lucacastelli.com\/prodotto\/milwaukee-performance-lunettes-de-securite\/"},"modified":"2025-08-10T15:17:27","modified_gmt":"2025-08-10T13:17:27","slug":"milwaukee-performance-lunettes-de-securite","status":"publish","type":"product","link":"https:\/\/lucacastelli.com\/fr\/produit\/milwaukee-performance-lunettes-de-securite\/","title":{"rendered":"Milwaukee PERFORMANCE lunettes de s\u00e9curit\u00e9"},"content":{"rendered":"<p>Lunettes de performance &#8211; Verres miroirs<br \/>\nVerres avec traitement anti-rayures;Verres avec traitement anti-bu\u00e9e;Monture confortable pour une utilisation prolong\u00e9e;Certification europ\u00e9enne : EN166, EN170 et EN172<\/p>\n<p>4932498366<br \/>\n4058546522353<\/p>\n","protected":false},"excerpt":{"rendered":"<p>Lunettes de performance &#8211; Verres miroirs<\/p>\n","protected":false},"featured_media":538231,"template":"","meta":{"_seopress_robots_primary_cat":"","_seopress_titles_title":"","_seopress_titles_desc":"","_seopress_robots_index":""},"product_brand":[3407],"product_cat":[33,537,816],"product_tag":[3270],"class_list":{"0":"post-611494","1":"product","2":"type-product","3":"status-publish","4":"has-post-thumbnail","6":"product_brand-milwaukee","7":"product_cat-attrezzature","8":"product_cat-attrezzatura-da-lavoro","9":"product_cat-visiere-e-occhiali-protettivi","10":"product_tag-import-milwau","11":"sws-conto-ricavi-merci-rivendita-macchinari-fr","12":"sws-gruppo-iva-iva81-fr","14":"first","15":"onbackorder","16":"shipping-taxable","17":"purchasable","18":"product-type-simple"},"_links":{"self":[{"href":"https:\/\/lucacastelli.com\/fr\/wp-json\/wp\/v2\/product\/611494","targetHints":{"allow":["GET"]}}],"collection":[{"href":"https:\/\/lucacastelli.com\/fr\/wp-json\/wp\/v2\/product"}],"about":[{"href":"https:\/\/lucacastelli.com\/fr\/wp-json\/wp\/v2\/types\/product"}],"wp:featuredmedia":[{"embeddable":true,"href":"https:\/\/lucacastelli.com\/fr\/wp-json\/wp\/v2\/media\/538231"}],"wp:attachment":[{"href":"https:\/\/lucacastelli.com\/fr\/wp-json\/wp\/v2\/media?parent=611494"}],"wp:term":[{"taxonomy":"product_brand","embeddable":true,"href":"https:\/\/lucacastelli.com\/fr\/wp-json\/wp\/v2\/product_brand?post=611494"},{"taxonomy":"product_cat","embeddable":true,"href":"https:\/\/lucacastelli.com\/fr\/wp-json\/wp\/v2\/product_cat?post=611494"},{"taxonomy":"product_tag","embeddable":true,"href":"https:\/\/lucacastelli.com\/fr\/wp-json\/wp\/v2\/product_tag?post=611494"}],"curies":[{"name":"wp","href":"https:\/\/api.w.org\/{rel}","templated":true}]}}