{"id":611486,"date":"2025-08-10T15:17:22","date_gmt":"2025-08-10T13:17:22","guid":{"rendered":"https:\/\/lucacastelli.com\/prodotto\/lunettes-de-securite-milwaukee-standard\/"},"modified":"2025-08-10T15:17:22","modified_gmt":"2025-08-10T13:17:22","slug":"lunettes-de-securite-milwaukee-standard","status":"publish","type":"product","link":"https:\/\/lucacastelli.com\/fr\/produit\/lunettes-de-securite-milwaukee-standard\/","title":{"rendered":"Lunettes de s\u00e9curit\u00e9 Milwaukee STANDARD"},"content":{"rendered":"<p>Lunettes de s\u00e9curit\u00e9 &#8211; Lentilles fonc\u00e9es -1pcs<br \/>\nL\u00e9ger, pour un plus grand confort d&#8217;utilisation;Plaquette nasale enti\u00e8rement r\u00e9glable et amovible pour s&#8217;adapter facilement \u00e0 toutes les formes de visage;Branches lat\u00e9rales confortables et flexibles pour un plus grand confort;Certification europ\u00e9enne : EN166 et EN172<\/p>\n<p>4932471882<br \/>\n4058546297817<\/p>\n","protected":false},"excerpt":{"rendered":"<p>Verres de s\u00e9curit\u00e9 &#8211; Lentilles fonc\u00e9es -1pcs<\/p>\n","protected":false},"featured_media":538190,"template":"","meta":{"_seopress_robots_primary_cat":"","_seopress_titles_title":"","_seopress_titles_desc":"","_seopress_robots_index":""},"product_brand":[3407],"product_cat":[33,537,816],"product_tag":[3270],"class_list":{"0":"post-611486","1":"product","2":"type-product","3":"status-publish","4":"has-post-thumbnail","6":"product_brand-milwaukee","7":"product_cat-attrezzature","8":"product_cat-attrezzatura-da-lavoro","9":"product_cat-visiere-e-occhiali-protettivi","10":"product_tag-import-milwau","11":"sws-conto-ricavi-merci-rivendita-macchinari-fr","12":"sws-gruppo-iva-iva81-fr","14":"first","15":"onbackorder","16":"shipping-taxable","17":"purchasable","18":"product-type-simple"},"_links":{"self":[{"href":"https:\/\/lucacastelli.com\/fr\/wp-json\/wp\/v2\/product\/611486","targetHints":{"allow":["GET"]}}],"collection":[{"href":"https:\/\/lucacastelli.com\/fr\/wp-json\/wp\/v2\/product"}],"about":[{"href":"https:\/\/lucacastelli.com\/fr\/wp-json\/wp\/v2\/types\/product"}],"wp:featuredmedia":[{"embeddable":true,"href":"https:\/\/lucacastelli.com\/fr\/wp-json\/wp\/v2\/media\/538190"}],"wp:attachment":[{"href":"https:\/\/lucacastelli.com\/fr\/wp-json\/wp\/v2\/media?parent=611486"}],"wp:term":[{"taxonomy":"product_brand","embeddable":true,"href":"https:\/\/lucacastelli.com\/fr\/wp-json\/wp\/v2\/product_brand?post=611486"},{"taxonomy":"product_cat","embeddable":true,"href":"https:\/\/lucacastelli.com\/fr\/wp-json\/wp\/v2\/product_cat?post=611486"},{"taxonomy":"product_tag","embeddable":true,"href":"https:\/\/lucacastelli.com\/fr\/wp-json\/wp\/v2\/product_tag?post=611486"}],"curies":[{"name":"wp","href":"https:\/\/api.w.org\/{rel}","templated":true}]}}