{"id":611478,"date":"2025-08-10T16:22:45","date_gmt":"2025-08-10T14:22:45","guid":{"rendered":"https:\/\/lucacastelli.com\/prodotto\/milwaukee-base-decentree-pour-le-fraisage-pres-des-obstacles-pour-m18-ftr\/"},"modified":"2025-08-10T16:22:45","modified_gmt":"2025-08-10T14:22:45","slug":"milwaukee-base-decentree-pour-le-fraisage-pres-des-obstacles-pour-m18-ftr","status":"publish","type":"product","link":"https:\/\/lucacastelli.com\/fr\/produit\/milwaukee-base-decentree-pour-le-fraisage-pres-des-obstacles-pour-m18-ftr\/","title":{"rendered":"Milwaukee Base d\u00e9centr\u00e9e pour le fraisage pr\u00e8s des obstacles pour M18 FTR."},"content":{"rendered":"<p>BASE D\u00c9CENTR\u00c9E POUR LE FRAISAGE \u00c0 PROXIMIT\u00c9 DES OBSTACLES<br \/>\nBase d\u00e9centralis\u00e9e pour le fraisage \u00e0 proximit\u00e9 des obstacles pour M18 FTR8<\/p>\n<p>4932471946<br \/>\n4058546298456<\/p>\n","protected":false},"excerpt":{"rendered":"<p>BASE DECEN POUR LE FRAISAGE PR\u00c8S DES OBSTACLES<\/p>\n","protected":false},"featured_media":538630,"template":"","meta":{"_seopress_robots_primary_cat":"","_seopress_titles_title":"","_seopress_titles_desc":"","_seopress_robots_index":""},"product_brand":[3407],"product_cat":[5531,29],"product_tag":[3270],"class_list":{"0":"post-611478","1":"product","2":"type-product","3":"status-publish","4":"has-post-thumbnail","6":"product_brand-milwaukee","7":"product_cat-vari-macchinari-milwaukee","8":"product_cat-macchinari","9":"product_tag-import-milwau","10":"sws-conto-ricavi-merci-rivendita-macchinari-fr","11":"sws-gruppo-iva-iva81-fr","13":"first","14":"onbackorder","15":"sale","16":"shipping-taxable","17":"purchasable","18":"product-type-simple"},"_links":{"self":[{"href":"https:\/\/lucacastelli.com\/fr\/wp-json\/wp\/v2\/product\/611478","targetHints":{"allow":["GET"]}}],"collection":[{"href":"https:\/\/lucacastelli.com\/fr\/wp-json\/wp\/v2\/product"}],"about":[{"href":"https:\/\/lucacastelli.com\/fr\/wp-json\/wp\/v2\/types\/product"}],"wp:featuredmedia":[{"embeddable":true,"href":"https:\/\/lucacastelli.com\/fr\/wp-json\/wp\/v2\/media\/538630"}],"wp:attachment":[{"href":"https:\/\/lucacastelli.com\/fr\/wp-json\/wp\/v2\/media?parent=611478"}],"wp:term":[{"taxonomy":"product_brand","embeddable":true,"href":"https:\/\/lucacastelli.com\/fr\/wp-json\/wp\/v2\/product_brand?post=611478"},{"taxonomy":"product_cat","embeddable":true,"href":"https:\/\/lucacastelli.com\/fr\/wp-json\/wp\/v2\/product_cat?post=611478"},{"taxonomy":"product_tag","embeddable":true,"href":"https:\/\/lucacastelli.com\/fr\/wp-json\/wp\/v2\/product_tag?post=611478"}],"curies":[{"name":"wp","href":"https:\/\/api.w.org\/{rel}","templated":true}]}}