{"id":611348,"date":"2025-08-14T07:40:57","date_gmt":"2025-08-14T05:40:57","guid":{"rendered":"https:\/\/lucacastelli.com\/prodotto\/capsules-antibruit-protos-3\/"},"modified":"2026-04-15T10:16:02","modified_gmt":"2026-04-15T08:16:02","slug":"capsules-antibruit-protos-3","status":"publish","type":"product","link":"https:\/\/lucacastelli.com\/fr\/produit\/capsules-antibruit-protos-3\/","title":{"rendered":"Protos\u00ae capsules antibruit"},"content":{"rendered":"<p>Les capsules auriculaires du Protos\u00ae Integral sont disponibles en tant que pi\u00e8ces de rechange, \u00e0 condition que les tiges de protection auditive soient encore en parfait \u00e9tat. Les capsules offrent une isolation acoustique de SNR=27 dB et r\u00e9pondent ainsi \u00e0 toutes les exigences. <\/p>\n<p>Mat\u00e9riau : 50 % ABS 50 % polyamide<br \/>\nPoids : 158 g<br \/>\nUnit\u00e9 : par paire<br \/>\nValeur d\u2019isolation : SNR=27 dB (H=34 dB, M=24 dB, L=17 dB)<\/p>\n","protected":false},"excerpt":{"rendered":"<p>Les capsules auriculaires du Protos\u00ae Integral sont disponibles en tant que pi\u00e8ces de rechange, \u00e0 condition que les tiges de<\/p>\n","protected":false},"featured_media":608566,"template":"","meta":{"_seopress_robots_primary_cat":"none","_seopress_titles_title":"","_seopress_titles_desc":"","_seopress_robots_index":""},"product_brand":[3669,4722],"product_cat":[144,1397,1405],"product_tag":[],"class_list":{"0":"post-611348","1":"product","2":"type-product","3":"status-publish","4":"has-post-thumbnail","6":"product_brand-pfanner-fr","7":"product_brand-protos-fr","8":"product_cat-equipement","9":"product_cat-equipement-de-travail","10":"product_cat-casques","11":"sws-gruppo-no-gruppo-fr","12":"sws-categoria-sito-fr","13":"sws-conto-ricavi-merci-rivendita-abbigliamento-fr","14":"sws-gruppo-iva-iva81-fr","16":"first","17":"instock","18":"shipping-taxable","19":"purchasable","20":"product-type-variable","21":"has-default-attributes"},"_links":{"self":[{"href":"https:\/\/lucacastelli.com\/fr\/wp-json\/wp\/v2\/product\/611348","targetHints":{"allow":["GET"]}}],"collection":[{"href":"https:\/\/lucacastelli.com\/fr\/wp-json\/wp\/v2\/product"}],"about":[{"href":"https:\/\/lucacastelli.com\/fr\/wp-json\/wp\/v2\/types\/product"}],"wp:featuredmedia":[{"embeddable":true,"href":"https:\/\/lucacastelli.com\/fr\/wp-json\/wp\/v2\/media\/608566"}],"wp:attachment":[{"href":"https:\/\/lucacastelli.com\/fr\/wp-json\/wp\/v2\/media?parent=611348"}],"wp:term":[{"taxonomy":"product_brand","embeddable":true,"href":"https:\/\/lucacastelli.com\/fr\/wp-json\/wp\/v2\/product_brand?post=611348"},{"taxonomy":"product_cat","embeddable":true,"href":"https:\/\/lucacastelli.com\/fr\/wp-json\/wp\/v2\/product_cat?post=611348"},{"taxonomy":"product_tag","embeddable":true,"href":"https:\/\/lucacastelli.com\/fr\/wp-json\/wp\/v2\/product_tag?post=611348"}],"curies":[{"name":"wp","href":"https:\/\/api.w.org\/{rel}","templated":true}]}}