{"id":611124,"date":"2025-08-15T17:03:32","date_gmt":"2025-08-15T15:03:32","guid":{"rendered":"https:\/\/lucacastelli.com\/prodotto\/gilet-de-securite-zipp4fit-en-20471-5\/"},"modified":"2025-08-15T17:03:32","modified_gmt":"2025-08-15T15:03:32","slug":"gilet-de-securite-zipp4fit-en-20471-5","status":"publish","type":"product","link":"https:\/\/lucacastelli.com\/fr\/produit\/gilet-de-securite-zipp4fit-en-20471-5\/","title":{"rendered":"Gilet de s\u00e9curit\u00e9 Zipp4Fit\u00ae EN 20471"},"content":{"rendered":"<p>Le gilet brevet\u00e9 Zipp4Fit\u00ae est indispensable dans chaque v\u00e9hicule et peut \u00eatre port\u00e9 aussi bien au travail que pendant les loisirs.<br \/>\nLa devise est : non seulement voir, mais aussi \u00eatre vu !<br \/>\nLes personnes v\u00eatues de v\u00eatements sombres sont difficilement visibles au cr\u00e9puscule et dans l&#8217;obscurit\u00e9. S&#8217;il pleut ensuite, la visibilit\u00e9 est encore plus mauvaise, c&#8217;est pourquoi Pfanner a inclus dans sa gamme le gilet brevet\u00e9 Zipp4Fit\u00ae en plusieurs couleurs.<br \/>\nLe gilet est \u00e9quip\u00e9 du syst\u00e8me Zipp4Fit\u00ae, qui permet d&#8217;ajuster la taille dans 10 tailles diff\u00e9rentes. Le dos \u00e9lastique et l\u00e9ger garantit un maximum de confort. En outre, le gilet est \u00e9quip\u00e9 des deux c\u00f4t\u00e9s du syst\u00e8me de poches Zipp2Zipp\u00ae. Le porte-stylos des deux c\u00f4t\u00e9s est ouvert en bas, de sorte qu&#8217;aucune salet\u00e9 ne puisse s&#8217;accumuler. Les bandes r\u00e9fl\u00e9chissantes sur tout le p\u00e9rim\u00e8tre garantissent la classe de visibilit\u00e9 2 selon la norme EN 20471. Lorsque toutes les fermetures \u00e9clair lat\u00e9rales sont ouvertes, la visibilit\u00e9 est maximale.<br \/>\nInformations :<br \/>\nle gilet de s\u00e9curit\u00e9 est disponible dans une couleur de base orange (25) et six couleurs contrast\u00e9es.<br \/>\n-Encollet large<br \/>\n-Syst\u00e8me de poche Zipp2Zipp\u00ae<br \/>\n-10 ajustements lat\u00e9raux de taille gr\u00e2ce \u00e0 la fermeture \u00e9clair Zipp4Fit\u00ae de XS \u00e0 5XL<br \/>\n-Unisexe<br \/>\n-Dossier \u00e9lastique l\u00e9ger<br \/>\n-L\u00e9gert\u00e9 certifi\u00e9e EN 20471 classe 2 couleurs d&#8217;avertissement<br \/>\n-3CON\u00ae r\u00e9flectif.      <\/p>\n<p>Mati\u00e8re : 100% polyester<br \/>\nTailles : taille unique, ajustable par zip lat\u00e9ral de la taille XS \u00e0 5XL<br \/>\nNormes :<br \/>\nEN 20471 \/ classe 2<\/p>\n","protected":false},"excerpt":{"rendered":"<p>Le gilet brevet\u00e9 Zipp4Fit\u00ae est indispensable dans chaque v\u00e9hicule et peut \u00eatre port\u00e9 aussi bien au travail que pendant les<\/p>\n","protected":false},"featured_media":610255,"template":"","meta":{"_seopress_robots_primary_cat":"none","_seopress_titles_title":"","_seopress_titles_desc":"","_seopress_robots_index":""},"product_brand":[3458],"product_cat":[21,284],"product_tag":[],"class_list":{"0":"post-611124","1":"product","2":"type-product","3":"status-publish","4":"has-post-thumbnail","6":"product_brand-pfanner","7":"product_cat-abbigliamento","8":"product_cat-abbigliamento-da-lavoro","9":"sws-gruppo-no-gruppo","10":"sws-categoria-sito","11":"sws-conto-ricavi-merci-rivendita-abbigliamento","12":"sws-gruppo-iva-iva81","14":"first","15":"instock","16":"shipping-taxable","17":"purchasable","18":"product-type-variable","19":"has-default-attributes"},"_links":{"self":[{"href":"https:\/\/lucacastelli.com\/fr\/wp-json\/wp\/v2\/product\/611124","targetHints":{"allow":["GET"]}}],"collection":[{"href":"https:\/\/lucacastelli.com\/fr\/wp-json\/wp\/v2\/product"}],"about":[{"href":"https:\/\/lucacastelli.com\/fr\/wp-json\/wp\/v2\/types\/product"}],"wp:featuredmedia":[{"embeddable":true,"href":"https:\/\/lucacastelli.com\/fr\/wp-json\/wp\/v2\/media\/610255"}],"wp:attachment":[{"href":"https:\/\/lucacastelli.com\/fr\/wp-json\/wp\/v2\/media?parent=611124"}],"wp:term":[{"taxonomy":"product_brand","embeddable":true,"href":"https:\/\/lucacastelli.com\/fr\/wp-json\/wp\/v2\/product_brand?post=611124"},{"taxonomy":"product_cat","embeddable":true,"href":"https:\/\/lucacastelli.com\/fr\/wp-json\/wp\/v2\/product_cat?post=611124"},{"taxonomy":"product_tag","embeddable":true,"href":"https:\/\/lucacastelli.com\/fr\/wp-json\/wp\/v2\/product_tag?post=611124"}],"curies":[{"name":"wp","href":"https:\/\/api.w.org\/{rel}","templated":true}]}}