{"id":611091,"date":"2025-08-14T18:41:41","date_gmt":"2025-08-14T16:41:41","guid":{"rendered":"https:\/\/lucacastelli.com\/prodotto\/protos-integral-visiere-avec-impression-lucerne\/"},"modified":"2026-04-15T03:53:24","modified_gmt":"2026-04-15T01:53:24","slug":"protos-integral-visiere-avec-impression-lucerne","status":"publish","type":"product","link":"https:\/\/lucacastelli.com\/fr\/produit\/protos-integral-visiere-avec-impression-lucerne\/","title":{"rendered":"Visi\u00e8re Protos\u00ae Integral avec impression &#8211; Lucerne"},"content":{"rendered":"<p>Visi\u00e8re de protection avec 39 ouvertures\/cm\u00b2 pour une meilleure visibilit\u00e9 et une protection contre les copeaux fins<br \/>\n(par ex. bois de h\u00eatre, ch\u00eane).<br \/>\nIncl. rev\u00eatement sp\u00e9cial contre le reflet de la lumi\u00e8re et le gel \u00e0 des temp\u00e9ratures inf\u00e9rieures \u00e0 z\u00e9ro.<br \/>\nAutres motifs sur demande<br \/>\nD\u00e9lais de livraison jusqu\u2019\u00e0 6 semaines <\/p>\n","protected":false},"excerpt":{"rendered":"<p>Visi\u00e8re de protection avec 39 ouvertures\/cm\u00b2 pour une meilleure visibilit\u00e9 et une protection contre les copeaux fins (par ex. bois<\/p>\n","protected":false},"featured_media":610035,"template":"","meta":{"_seopress_robots_primary_cat":"none","_seopress_titles_title":"","_seopress_titles_desc":"","_seopress_robots_index":""},"product_brand":[3458,4381],"product_cat":[537,815],"product_tag":[],"class_list":{"0":"post-611091","1":"product","2":"type-product","3":"status-publish","4":"has-post-thumbnail","6":"product_brand-pfanner","7":"product_brand-protos","8":"product_cat-attrezzatura-da-lavoro","9":"product_cat-caschi","10":"sws-gruppo-no-gruppo-fr","11":"sws-conto-ricavi-merci-rivendita-abbigliamento-fr","12":"sws-gruppo-iva-iva81-fr","14":"first","15":"instock","16":"shipping-taxable","17":"purchasable","18":"product-type-simple"},"_links":{"self":[{"href":"https:\/\/lucacastelli.com\/fr\/wp-json\/wp\/v2\/product\/611091","targetHints":{"allow":["GET"]}}],"collection":[{"href":"https:\/\/lucacastelli.com\/fr\/wp-json\/wp\/v2\/product"}],"about":[{"href":"https:\/\/lucacastelli.com\/fr\/wp-json\/wp\/v2\/types\/product"}],"wp:featuredmedia":[{"embeddable":true,"href":"https:\/\/lucacastelli.com\/fr\/wp-json\/wp\/v2\/media\/610035"}],"wp:attachment":[{"href":"https:\/\/lucacastelli.com\/fr\/wp-json\/wp\/v2\/media?parent=611091"}],"wp:term":[{"taxonomy":"product_brand","embeddable":true,"href":"https:\/\/lucacastelli.com\/fr\/wp-json\/wp\/v2\/product_brand?post=611091"},{"taxonomy":"product_cat","embeddable":true,"href":"https:\/\/lucacastelli.com\/fr\/wp-json\/wp\/v2\/product_cat?post=611091"},{"taxonomy":"product_tag","embeddable":true,"href":"https:\/\/lucacastelli.com\/fr\/wp-json\/wp\/v2\/product_tag?post=611091"}],"curies":[{"name":"wp","href":"https:\/\/api.w.org\/{rel}","templated":true}]}}