{"id":611088,"date":"2025-08-14T18:41:38","date_gmt":"2025-08-14T16:41:38","guid":{"rendered":"https:\/\/lucacastelli.com\/prodotto\/protos-integral-visiere-avec-impression-nidwald\/"},"modified":"2026-04-15T07:19:36","modified_gmt":"2026-04-15T05:19:36","slug":"protos-integral-visiere-avec-impression-nidwald","status":"publish","type":"product","link":"https:\/\/lucacastelli.com\/fr\/produit\/protos-integral-visiere-avec-impression-nidwald\/","title":{"rendered":"Protos\u00ae Integral Visi\u00e8re avec impression &#8211; Nidwald"},"content":{"rendered":"<p>Visi\u00e8re de protection avec 39 ouvertures\/cm\u00b2 pour une meilleure visibilit\u00e9 et protection contre les copeaux fins<br \/>\n(par ex. h\u00eatre, ch\u00eane).<br \/>\nIncl. rev\u00eatement sp\u00e9cial contre les reflets et le gel \u00e0 des temp\u00e9ratures n\u00e9gatives.<br \/>\nAutres motifs sur demande<br \/>\nD\u00e9lai de livraison jusqu\u2019\u00e0 6 semaines <\/p>\n","protected":false},"excerpt":{"rendered":"<p>Visi\u00e8re de protection avec 39 ouvertures\/cm\u00b2 pour une meilleure visibilit\u00e9 et protection contre les copeaux fins (par ex. h\u00eatre, ch\u00eane).<\/p>\n","protected":false},"featured_media":610039,"template":"","meta":{"_seopress_robots_primary_cat":"none","_seopress_titles_title":"","_seopress_titles_desc":"","_seopress_robots_index":""},"product_brand":[3458,4381],"product_cat":[537,815],"product_tag":[],"class_list":{"0":"post-611088","1":"product","2":"type-product","3":"status-publish","4":"has-post-thumbnail","6":"product_brand-pfanner","7":"product_brand-protos","8":"product_cat-attrezzatura-da-lavoro","9":"product_cat-caschi","10":"sws-gruppo-no-gruppo-fr","11":"sws-conto-ricavi-merci-rivendita-abbigliamento-fr","12":"sws-gruppo-iva-iva81-fr","14":"first","15":"instock","16":"shipping-taxable","17":"purchasable","18":"product-type-simple"},"_links":{"self":[{"href":"https:\/\/lucacastelli.com\/fr\/wp-json\/wp\/v2\/product\/611088","targetHints":{"allow":["GET"]}}],"collection":[{"href":"https:\/\/lucacastelli.com\/fr\/wp-json\/wp\/v2\/product"}],"about":[{"href":"https:\/\/lucacastelli.com\/fr\/wp-json\/wp\/v2\/types\/product"}],"wp:featuredmedia":[{"embeddable":true,"href":"https:\/\/lucacastelli.com\/fr\/wp-json\/wp\/v2\/media\/610039"}],"wp:attachment":[{"href":"https:\/\/lucacastelli.com\/fr\/wp-json\/wp\/v2\/media?parent=611088"}],"wp:term":[{"taxonomy":"product_brand","embeddable":true,"href":"https:\/\/lucacastelli.com\/fr\/wp-json\/wp\/v2\/product_brand?post=611088"},{"taxonomy":"product_cat","embeddable":true,"href":"https:\/\/lucacastelli.com\/fr\/wp-json\/wp\/v2\/product_cat?post=611088"},{"taxonomy":"product_tag","embeddable":true,"href":"https:\/\/lucacastelli.com\/fr\/wp-json\/wp\/v2\/product_tag?post=611088"}],"curies":[{"name":"wp","href":"https:\/\/api.w.org\/{rel}","templated":true}]}}