{"id":610617,"date":"2025-08-15T18:11:55","date_gmt":"2025-08-15T16:11:55","guid":{"rendered":"https:\/\/lucacastelli.com\/prodotto\/nanoshield-veste-impermeable-en-20471-3\/"},"modified":"2026-04-15T03:52:40","modified_gmt":"2026-04-15T01:52:40","slug":"nanoshield-veste-impermeable-en-20471-3","status":"publish","type":"product","link":"https:\/\/lucacastelli.com\/fr\/produit\/nanoshield-veste-impermeable-en-20471-3\/","title":{"rendered":"Nanoshield\u00ae Veste imperm\u00e9able EN 20471"},"content":{"rendered":"<p>La veste imperm\u00e9able Nanoshield\u00ae EN 20471 a une colonne d&#8217;eau de 20 000 mm et, gr\u00e2ce aux fermetures \u00e9clair imperm\u00e9ables et \u00e0 la membrane Sympatex, est imperm\u00e9able \u00e0 100 %. La poche int\u00e9rieure, l&#8217;innovant syst\u00e8me de poches Zipp2Zipp\u00ae et les poches lat\u00e9rales offrent suffisamment d&#8217;espace pour ranger le t\u00e9l\u00e9phone portable et d&#8217;autres objets. Le dos allong\u00e9 prot\u00e8ge efficacement la zone des reins du refroidissement et les ic\u00f4nes r\u00e9fl\u00e9chissantes 3CON\u00ae garantissent une visibilit\u00e9 maximale. La veste est<br \/>\nrecyclable \u00e0 100 %, membrane incluse, et respecte donc l&#8217;environnement. La veste imperm\u00e9able Nanoshield\u00ae EN 20471 est en outre conforme \u00e0 la norme EN 20471 \/ Classe 2.<br \/>\n-EN 20471 \/ Classe 2<br \/>\n-Syst\u00e8me de poches Zipp2Zipp\u00ae<br \/>\n-Fermeture \u00e9clair avec rabat anti-pluie<br \/>\n-Poche int\u00e9rieure avec fermeture \u00e9clair<br \/>\n-Pan arri\u00e8re allong\u00e9<br \/>\n-Doublure en filet<br \/>\n-Colonne d&#8217;eau 20 000 mm<br \/>\n-Recyclable \u00e0 100 %<br \/>\n-Capuche incluse<br \/>\n-3CON\u00ae Reflex<br \/>\n-Insert KlimaAIR\u00ae \u00e0 coller (en option)<br \/>\n-Bandes r\u00e9fl\u00e9chissantes    <\/p>\n<p>Mati\u00e8re : 100 % polyester<br \/>\nNormes :<br \/>\nEN 20471 \/ Classe 2<\/p>\n","protected":false},"excerpt":{"rendered":"<p>La veste imperm\u00e9able Nanoshield\u00ae EN 20471 a une colonne d&#8217;eau de 20 000 mm et, gr\u00e2ce aux fermetures \u00e9clair imperm\u00e9ables<\/p>\n","protected":false},"featured_media":610402,"template":"","meta":{"_seopress_robots_primary_cat":"","_seopress_titles_title":"","_seopress_titles_desc":"","_seopress_robots_index":""},"product_brand":[3669],"product_cat":[81,1381],"product_tag":[],"class_list":{"0":"post-610617","1":"product","2":"type-product","3":"status-publish","4":"has-post-thumbnail","6":"product_brand-pfanner-fr","7":"product_cat-vetements","8":"product_cat-vetements-de-travail","9":"sws-gruppo-no-gruppo-fr","10":"sws-categoria-sito-fr","11":"sws-conto-ricavi-merci-rivendita-abbigliamento-fr","12":"sws-gruppo-iva-iva81-fr","14":"first","15":"instock","16":"shipping-taxable","17":"purchasable","18":"product-type-variable","19":"has-default-attributes"},"_links":{"self":[{"href":"https:\/\/lucacastelli.com\/fr\/wp-json\/wp\/v2\/product\/610617","targetHints":{"allow":["GET"]}}],"collection":[{"href":"https:\/\/lucacastelli.com\/fr\/wp-json\/wp\/v2\/product"}],"about":[{"href":"https:\/\/lucacastelli.com\/fr\/wp-json\/wp\/v2\/types\/product"}],"wp:featuredmedia":[{"embeddable":true,"href":"https:\/\/lucacastelli.com\/fr\/wp-json\/wp\/v2\/media\/610402"}],"wp:attachment":[{"href":"https:\/\/lucacastelli.com\/fr\/wp-json\/wp\/v2\/media?parent=610617"}],"wp:term":[{"taxonomy":"product_brand","embeddable":true,"href":"https:\/\/lucacastelli.com\/fr\/wp-json\/wp\/v2\/product_brand?post=610617"},{"taxonomy":"product_cat","embeddable":true,"href":"https:\/\/lucacastelli.com\/fr\/wp-json\/wp\/v2\/product_cat?post=610617"},{"taxonomy":"product_tag","embeddable":true,"href":"https:\/\/lucacastelli.com\/fr\/wp-json\/wp\/v2\/product_tag?post=610617"}],"curies":[{"name":"wp","href":"https:\/\/api.w.org\/{rel}","templated":true}]}}