{"id":610536,"date":"2025-08-15T18:38:25","date_gmt":"2025-08-15T16:38:25","guid":{"rendered":"https:\/\/lucacastelli.com\/prodotto\/pfanner-nanoshield-veste-impermeable\/"},"modified":"2026-04-14T14:03:09","modified_gmt":"2026-04-14T12:03:09","slug":"pfanner-nanoshield-veste-impermeable","status":"publish","type":"product","link":"https:\/\/lucacastelli.com\/fr\/produit\/pfanner-nanoshield-veste-impermeable\/","title":{"rendered":"PFANNER Nanoshield\u00ae veste imperm\u00e9able"},"content":{"rendered":"<p>La veste de pluie Nanoshield\u00ae poss\u00e8de une colonne d\u2019eau de 20 000 mm et, gr\u00e2ce aux fermetures \u00e9clair imperm\u00e9ables et \u00e0 la membrane Sympatex, elle est 100 % imperm\u00e9able. La poche int\u00e9rieure, l\u2019innovant syst\u00e8me de poches Zipp2Zipp\u00ae et les poches lat\u00e9rales offrent suffisamment d\u2019espace pour ranger le t\u00e9l\u00e9phone portable et d\u2019autres objets. Le dos rallong\u00e9 prot\u00e8ge<br \/>\nefficacement la zone des reins du refroidissement et les ic\u00f4nes r\u00e9fl\u00e9chissantes 3CON\u00ae garantissent une visibilit\u00e9 maximale. La veste est<br \/>\n100 % recyclable, membrane incluse, et respecte ainsi l\u2019environnement. Les 4 mod\u00e8les (jaune n\u00e9on, orange, orange\/jaune n\u00e9on et rouge\/jaune n\u00e9on avec r\u00e9fl\u00e9chissants) sont en outre conformes \u00e0 la norme EN 20471 \/ Classe 2.<br \/>\n-Syst\u00e8me de poches Zipp2Zipp\u00ae<br \/>\n-Fermeture de la veste par glissi\u00e8re avec rabat de protection<br \/>\n-Poche int\u00e9rieure avec fermeture \u00e9clair<br \/>\n-Dos rallong\u00e9<br \/>\n-Doublure en filet<br \/>\n-Colonne d\u2019eau 20 000 mm<br \/>\n-100 % recyclable<br \/>\n-Capuche incluse<br \/>\n-3CON\u00ae Reflex<br \/>\n-Insert KlimaAIR\u00ae \u00e0 scratcher (optionnel)<br \/>\n-Bandes r\u00e9fl\u00e9chissantes    <\/p>\n<p>Mati\u00e8re : 100 % polyester<br \/>\nNormes :<br \/>\nEN 20471 \/ Classe 2 (jaune n\u00e9on, orange, orange\/jaune n\u00e9on et rouge\/jaune n\u00e9on avec r\u00e9fl\u00e9chissant)<\/p>\n","protected":false},"excerpt":{"rendered":"<p>La veste de pluie Nanoshield\u00ae poss\u00e8de une colonne d\u2019eau de 20 000 mm et, gr\u00e2ce aux fermetures \u00e9clair imperm\u00e9ables et<\/p>\n","protected":false},"featured_media":610465,"template":"","meta":{"_seopress_robots_primary_cat":"none","_seopress_titles_title":"","_seopress_titles_desc":"","_seopress_robots_index":""},"product_brand":[3458],"product_cat":[21,284],"product_tag":[],"class_list":{"0":"post-610536","1":"product","2":"type-product","3":"status-publish","4":"has-post-thumbnail","6":"product_brand-pfanner","7":"product_cat-abbigliamento","8":"product_cat-abbigliamento-da-lavoro","9":"sws-gruppo-no-gruppo-fr","10":"sws-categoria-sito-fr","11":"sws-conto-ricavi-merci-rivendita-abbigliamento-fr","12":"sws-gruppo-iva-iva81-fr","14":"first","15":"instock","16":"shipping-taxable","17":"purchasable","18":"product-type-variable","19":"has-default-attributes"},"_links":{"self":[{"href":"https:\/\/lucacastelli.com\/fr\/wp-json\/wp\/v2\/product\/610536","targetHints":{"allow":["GET"]}}],"collection":[{"href":"https:\/\/lucacastelli.com\/fr\/wp-json\/wp\/v2\/product"}],"about":[{"href":"https:\/\/lucacastelli.com\/fr\/wp-json\/wp\/v2\/types\/product"}],"wp:featuredmedia":[{"embeddable":true,"href":"https:\/\/lucacastelli.com\/fr\/wp-json\/wp\/v2\/media\/610465"}],"wp:attachment":[{"href":"https:\/\/lucacastelli.com\/fr\/wp-json\/wp\/v2\/media?parent=610536"}],"wp:term":[{"taxonomy":"product_brand","embeddable":true,"href":"https:\/\/lucacastelli.com\/fr\/wp-json\/wp\/v2\/product_brand?post=610536"},{"taxonomy":"product_cat","embeddable":true,"href":"https:\/\/lucacastelli.com\/fr\/wp-json\/wp\/v2\/product_cat?post=610536"},{"taxonomy":"product_tag","embeddable":true,"href":"https:\/\/lucacastelli.com\/fr\/wp-json\/wp\/v2\/product_tag?post=610536"}],"curies":[{"name":"wp","href":"https:\/\/api.w.org\/{rel}","templated":true}]}}