{"id":609999,"date":"2025-08-14T16:43:27","date_gmt":"2025-08-14T14:43:27","guid":{"rendered":"https:\/\/lucacastelli.com\/prodotto\/fjallraven-varmland-wool-ls-m-2\/"},"modified":"2025-12-02T14:48:02","modified_gmt":"2025-12-02T13:48:02","slug":"fjallraven-varmland-wool-ls-m-2","status":"publish","type":"product","link":"https:\/\/lucacastelli.com\/fr\/produit\/fjallraven-varmland-wool-ls-m-2\/","title":{"rendered":"Fj\u00e4llr\u00e4ven V\u00c4RMLAND WOOL LS M"},"content":{"rendered":"<p>T-shirt \u00e0 manches longues confortable et fonctionnel en m\u00e9lange laine\/polyester tra\u00e7able. Produit sans PFC, pour toute une vie. <\/p>\n<p>CARACT\u00c9RISTIQUES DU PRODUIT<br \/>\nT-shirt \u00e0 manches longues confortable et fonctionnel.<br \/>\nCouche de base id\u00e9ale pour la chasse.<br \/>\nFabriqu\u00e9 \u00e0 partir d&#8217;un m\u00e9lange de laine et de polyester doux et tra\u00e7able.<br \/>\nR\u00e9gulation de la temp\u00e9rature, s\u00e9chage rapide et durable.<\/p>\n<p>DESCRIPTION DU PRODUIT<br \/>\nT-shirt \u00e0 manches longues confortable et fonctionnel en laine m\u00e9lang\u00e9e tra\u00e7able qui combine les propri\u00e9t\u00e9s de r\u00e9gulation thermique de la laine avec le s\u00e9chage rapide et la durabilit\u00e9 du polyester. Une couche de base id\u00e9ale qui peut \u00eatre utilis\u00e9e pour la chasse toute l&#8217;ann\u00e9e. <\/p>\n<p>Num\u00e9ro d&#8217;article : F86673<br \/>\nSexe : Homme<br \/>\nFamille : V\u00e4rmland<br \/>\nActivit\u00e9 : Chasse<br \/>\nInformations environnementales : Produit sans PFC, Fibre animale certifi\u00e9e, Laine tra\u00e7able<br \/>\nCaract\u00e9ristiques : Evacue l&#8217;humidit\u00e9, isole dans des conditions humides, isolant, r\u00e9sistant aux odeurs, s\u00e9chage rapide.<\/p>\n","protected":false},"excerpt":{"rendered":"<p>T-shirt \u00e0 manches longues confortable et fonctionnel en m\u00e9lange laine\/polyester tra\u00e7able. Produit sans PFC, pour toute une vie. CARACT\u00c9RISTIQUES DU<\/p>\n","protected":false},"featured_media":609902,"template":"","meta":{"_seopress_robots_primary_cat":"","_seopress_titles_title":"","_seopress_titles_desc":"","_seopress_robots_index":""},"product_brand":[5672],"product_cat":[21,189,190],"product_tag":[],"class_list":{"0":"post-609999","1":"product","2":"type-product","3":"status-publish","4":"has-post-thumbnail","6":"product_brand-fjallraven","7":"product_cat-abbigliamento","8":"product_cat-abbigliamento-per-il-tempo-libero","9":"product_cat-abbigliamento-da-uomo","10":"sws-gruppo-abb-libero-fr","11":"sws-categoria-sito-fr","12":"sws-conto-ricavi-merci-rivendita-abbigliamento-fr","13":"sws-gruppo-iva-iva81-fr","15":"first","16":"instock","17":"shipping-taxable","18":"purchasable","19":"product-type-variable"},"_links":{"self":[{"href":"https:\/\/lucacastelli.com\/fr\/wp-json\/wp\/v2\/product\/609999","targetHints":{"allow":["GET"]}}],"collection":[{"href":"https:\/\/lucacastelli.com\/fr\/wp-json\/wp\/v2\/product"}],"about":[{"href":"https:\/\/lucacastelli.com\/fr\/wp-json\/wp\/v2\/types\/product"}],"wp:featuredmedia":[{"embeddable":true,"href":"https:\/\/lucacastelli.com\/fr\/wp-json\/wp\/v2\/media\/609902"}],"wp:attachment":[{"href":"https:\/\/lucacastelli.com\/fr\/wp-json\/wp\/v2\/media?parent=609999"}],"wp:term":[{"taxonomy":"product_brand","embeddable":true,"href":"https:\/\/lucacastelli.com\/fr\/wp-json\/wp\/v2\/product_brand?post=609999"},{"taxonomy":"product_cat","embeddable":true,"href":"https:\/\/lucacastelli.com\/fr\/wp-json\/wp\/v2\/product_cat?post=609999"},{"taxonomy":"product_tag","embeddable":true,"href":"https:\/\/lucacastelli.com\/fr\/wp-json\/wp\/v2\/product_tag?post=609999"}],"curies":[{"name":"wp","href":"https:\/\/api.w.org\/{rel}","templated":true}]}}