{"id":609967,"date":"2025-08-14T16:43:40","date_gmt":"2025-08-14T14:43:40","guid":{"rendered":"https:\/\/lucacastelli.com\/prodotto\/fjallraven-abisko-wool-ss-m\/"},"modified":"2026-01-31T00:02:35","modified_gmt":"2026-01-30T23:02:35","slug":"fjallraven-abisko-wool-ss-m","status":"publish","type":"product","link":"https:\/\/lucacastelli.com\/fr\/produit\/fjallraven-abisko-wool-ss-m\/","title":{"rendered":"Fj\u00e4llr\u00e4ven ABISKO WOOL SS M"},"content":{"rendered":"<p>T-shirt l\u00e9ger en laine m\u00e9rinos m\u00e9lang\u00e9e pour les climats chauds et froids. Produit sans PFC, pour toute la dur\u00e9e de vie. <\/p>\n<p>CARACT\u00c9RISTIQUES DU PRODUIT<br \/>\nMaillot l\u00e9ger en laine m\u00e9rinos et polyester.<br \/>\nChaud quand il fait froid, confortablement frais quand il fait chaud.<br \/>\nR\u00e9sistance naturelle aux odeurs.<br \/>\nCoupe ample qui laisse l&#8217;air circuler autour du corps.<\/p>\n<p>DESCRIPTION DU PRODUIT<br \/>\nT-shirt l\u00e9ger \u00e0 manches courtes en jersey doux de laine m\u00e9rinos et de polyester recycl\u00e9. Il combine les propri\u00e9t\u00e9s de r\u00e9gulation thermique des fibres de laine avec les propri\u00e9t\u00e9s de durabilit\u00e9 et d&#8217;\u00e9vacuation de l&#8217;humidit\u00e9 des fibres synth\u00e9tiques. Une premi\u00e8re couche parfaite pour les climats chauds et froids, et particuli\u00e8rement utile lors des voyages de plusieurs jours car la laine r\u00e9siste naturellement aux odeurs.  <\/p>\n<p>Num\u00e9ro d&#8217;article : F87193<br \/>\nSexe : Hommes<br \/>\nFamille : Abisko<br \/>\nActivit\u00e9 : Trekking<br \/>\nInformations environnementales : Produit sans PFC, Laine tra\u00e7able<br \/>\nCaract\u00e9ristiques : Canalisation de l&#8217;humidit\u00e9, Isolation dans des conditions humides, Isolation, R\u00e9sistance aux odeurs, S\u00e9chage rapide<\/p>\n","protected":false},"excerpt":{"rendered":"<p>T-shirt l\u00e9ger en laine m\u00e9rinos m\u00e9lang\u00e9e pour les climats chauds et froids. Produit sans PFC, pour toute la dur\u00e9e de<\/p>\n","protected":false},"featured_media":609909,"template":"","meta":{"_seopress_robots_primary_cat":"","_seopress_titles_title":"","_seopress_titles_desc":"","_seopress_robots_index":""},"product_brand":[5672],"product_cat":[21,189,190],"product_tag":[],"class_list":{"0":"post-609967","1":"product","2":"type-product","3":"status-publish","4":"has-post-thumbnail","6":"product_brand-fjallraven","7":"product_cat-abbigliamento","8":"product_cat-abbigliamento-per-il-tempo-libero","9":"product_cat-abbigliamento-da-uomo","10":"sws-gruppo-abb-libero-fr","11":"sws-categoria-sito-fr","12":"sws-conto-ricavi-merci-rivendita-abbigliamento-fr","13":"sws-gruppo-iva-iva81-fr","15":"first","16":"instock","17":"shipping-taxable","18":"purchasable","19":"product-type-variable"},"_links":{"self":[{"href":"https:\/\/lucacastelli.com\/fr\/wp-json\/wp\/v2\/product\/609967","targetHints":{"allow":["GET"]}}],"collection":[{"href":"https:\/\/lucacastelli.com\/fr\/wp-json\/wp\/v2\/product"}],"about":[{"href":"https:\/\/lucacastelli.com\/fr\/wp-json\/wp\/v2\/types\/product"}],"wp:featuredmedia":[{"embeddable":true,"href":"https:\/\/lucacastelli.com\/fr\/wp-json\/wp\/v2\/media\/609909"}],"wp:attachment":[{"href":"https:\/\/lucacastelli.com\/fr\/wp-json\/wp\/v2\/media?parent=609967"}],"wp:term":[{"taxonomy":"product_brand","embeddable":true,"href":"https:\/\/lucacastelli.com\/fr\/wp-json\/wp\/v2\/product_brand?post=609967"},{"taxonomy":"product_cat","embeddable":true,"href":"https:\/\/lucacastelli.com\/fr\/wp-json\/wp\/v2\/product_cat?post=609967"},{"taxonomy":"product_tag","embeddable":true,"href":"https:\/\/lucacastelli.com\/fr\/wp-json\/wp\/v2\/product_tag?post=609967"}],"curies":[{"name":"wp","href":"https:\/\/api.w.org\/{rel}","templated":true}]}}