{"id":609951,"date":"2025-08-14T16:43:15","date_gmt":"2025-08-14T14:43:15","guid":{"rendered":"https:\/\/lucacastelli.com\/prodotto\/fjallraven-pantalon-keb-m-court\/"},"modified":"2025-12-02T14:48:02","modified_gmt":"2025-12-02T13:48:02","slug":"fjallraven-pantalon-keb-m-court","status":"publish","type":"product","link":"https:\/\/lucacastelli.com\/fr\/produit\/fjallraven-pantalon-keb-m-court\/","title":{"rendered":"Fj\u00e4llr\u00e4ven Pantalon Keb M court"},"content":{"rendered":"<p>Pantalon de trekking prim\u00e9 en tissu extensible et G-1000. Maintenant mis \u00e0 jour pour une performance, un confort et une durabilit\u00e9 encore meilleurs. Des produits sans PFC pour toute une vie.  <\/p>\n<p>CARACT\u00c9RISTIQUES DU PRODUIT<br \/>\nPantalon de trekking prim\u00e9 et techniquement avanc\u00e9 avec coupe \u00e9tudi\u00e9e.<br \/>\nFabriqu\u00e9 en tissu extensible et G-1000 pour une libert\u00e9 de mouvement, une durabilit\u00e9 et une protection.<br \/>\nZips de ventilation lat\u00e9raux \u00e0 double sens et zips de ventilation suppl\u00e9mentaires le long des mollets.<br \/>\nDeux poches pour les mains et deux poches pour les jambes avec rabat boutonn\u00e9, l&#8217;une avec poche int\u00e9rieure en filet. Disponible en trois longueurs : courte, normale et longue.<br \/>\nMISE \u00c0 JOUR : maintenant avec une coupe plus large pour une meilleure libert\u00e9 de mouvement et un plus grand confort. <\/p>\n<p>DESCRIPTION DU PRODUIT<br \/>\nPantalon de trekking prim\u00e9 en tissu extensible et G-1000, d\u00e9sormais mis \u00e0 jour pour am\u00e9liorer encore les performances, le confort et la durabilit\u00e9. Le pantalon est dot\u00e9 de poches classiques et spacieuses, de zips d&#8217;a\u00e9ration g\u00e9n\u00e9reux et d&#8217;ouvertures pour les genouill\u00e8res (un accessoire). Un pantalon classique, bien ajust\u00e9 et durable pour une libert\u00e9 de mouvement maximale en montagne. Disponible en trois longueurs : court, normal et long.   <\/p>\n<p>Si tu es d\u00e9j\u00e0 adepte de nos pantalons, tu devrais commander une taille au-dessus dans notre coupe am\u00e9lior\u00e9e. S&#8217;il s&#8217;agit de ton premier pantalon, consulte notre guide des tailles pour trouver ta meilleure coupe. <\/p>\n<p>Num\u00e9ro d&#8217;article : F87176<br \/>\nSexe : Hommes<br \/>\nFamille : Keb<br \/>\nActivit\u00e9 : Trekking<br \/>\nInformations environnementales : Produit sans PFC, Coton biologique, Polyester recycl\u00e9<br \/>\nCaract\u00e9ristiques : Adaptable avec la cire du Groenland, Respirant, Durable, R\u00e9sistant \u00e0 l&#8217;eau, R\u00e9sistant au vent, Extensible, Ventilation<\/p>\n","protected":false},"excerpt":{"rendered":"<p>Pantalon de trekking prim\u00e9 en tissu extensible et G-1000. Maintenant mis \u00e0 jour pour une performance, un confort et une<\/p>\n","protected":false},"featured_media":609893,"template":"","meta":{"_seopress_robots_primary_cat":"","_seopress_titles_title":"","_seopress_titles_desc":"","_seopress_robots_index":""},"product_brand":[5672],"product_cat":[21,189,190],"product_tag":[],"class_list":{"0":"post-609951","1":"product","2":"type-product","3":"status-publish","4":"has-post-thumbnail","6":"product_brand-fjallraven","7":"product_cat-abbigliamento","8":"product_cat-abbigliamento-per-il-tempo-libero","9":"product_cat-abbigliamento-da-uomo","10":"sws-gruppo-abb-libero-fr","11":"sws-categoria-sito-fr","12":"sws-conto-ricavi-merci-rivendita-abbigliamento-fr","13":"sws-gruppo-iva-iva81-fr","15":"first","16":"instock","17":"shipping-taxable","18":"purchasable","19":"product-type-variable"},"_links":{"self":[{"href":"https:\/\/lucacastelli.com\/fr\/wp-json\/wp\/v2\/product\/609951","targetHints":{"allow":["GET"]}}],"collection":[{"href":"https:\/\/lucacastelli.com\/fr\/wp-json\/wp\/v2\/product"}],"about":[{"href":"https:\/\/lucacastelli.com\/fr\/wp-json\/wp\/v2\/types\/product"}],"wp:featuredmedia":[{"embeddable":true,"href":"https:\/\/lucacastelli.com\/fr\/wp-json\/wp\/v2\/media\/609893"}],"wp:attachment":[{"href":"https:\/\/lucacastelli.com\/fr\/wp-json\/wp\/v2\/media?parent=609951"}],"wp:term":[{"taxonomy":"product_brand","embeddable":true,"href":"https:\/\/lucacastelli.com\/fr\/wp-json\/wp\/v2\/product_brand?post=609951"},{"taxonomy":"product_cat","embeddable":true,"href":"https:\/\/lucacastelli.com\/fr\/wp-json\/wp\/v2\/product_cat?post=609951"},{"taxonomy":"product_tag","embeddable":true,"href":"https:\/\/lucacastelli.com\/fr\/wp-json\/wp\/v2\/product_tag?post=609951"}],"curies":[{"name":"wp","href":"https:\/\/api.w.org\/{rel}","templated":true}]}}