{"id":609865,"date":"2025-08-14T11:15:34","date_gmt":"2025-08-14T09:15:34","guid":{"rendered":"https:\/\/lucacastelli.com\/prodotto\/protos-nackenverschluss-ubergrosse-5\/"},"modified":"2026-04-15T09:54:26","modified_gmt":"2026-04-15T07:54:26","slug":"protos-nackenverschluss-ubergrosse-5","status":"publish","type":"product","link":"https:\/\/lucacastelli.com\/fr\/produit\/protos-nackenverschluss-ubergrosse-5\/","title":{"rendered":"Protos\u00ae fermeture nuque taille sup\u00e9rieure"},"content":{"rendered":"<p>Si la taille standard du Protos\u00ae est trop petite, il est possible de remplacer la fermeture arri\u00e8re. Cela permet de r\u00e9gler la taille du Protos\u00ae de 56 \u00e0 64 cm de tour de t\u00eate.<br \/>\nInformations<br \/>\nCet accessoire peut \u00eatre command\u00e9 lors de la commande. <\/p>\n<p>&nbsp;<\/p>\n<p>Taille : r\u00e9glage de la taille de la t\u00eate pour des tours de t\u00eate de 56 \u00e0 64 cm.<\/p>\n","protected":false},"excerpt":{"rendered":"<p>Si la taille standard du Protos\u00ae est trop petite, il est possible de remplacer la fermeture arri\u00e8re. Cela permet de<\/p>\n","protected":false},"featured_media":609051,"template":"","meta":{"_seopress_robots_primary_cat":"none","_seopress_titles_title":"","_seopress_titles_desc":"","_seopress_robots_index":""},"product_brand":[3458,4381],"product_cat":[33,537,815],"product_tag":[],"class_list":{"0":"post-609865","1":"product","2":"type-product","3":"status-publish","4":"has-post-thumbnail","6":"product_brand-pfanner","7":"product_brand-protos","8":"product_cat-attrezzature","9":"product_cat-attrezzatura-da-lavoro","10":"product_cat-caschi","11":"sws-gruppo-no-gruppo-fr","12":"sws-conto-ricavi-merci-rivendita-abbigliamento-fr","13":"sws-gruppo-iva-iva81-fr","15":"first","16":"instock","17":"shipping-taxable","18":"purchasable","19":"product-type-variable","20":"has-default-attributes"},"_links":{"self":[{"href":"https:\/\/lucacastelli.com\/fr\/wp-json\/wp\/v2\/product\/609865","targetHints":{"allow":["GET"]}}],"collection":[{"href":"https:\/\/lucacastelli.com\/fr\/wp-json\/wp\/v2\/product"}],"about":[{"href":"https:\/\/lucacastelli.com\/fr\/wp-json\/wp\/v2\/types\/product"}],"wp:featuredmedia":[{"embeddable":true,"href":"https:\/\/lucacastelli.com\/fr\/wp-json\/wp\/v2\/media\/609051"}],"wp:attachment":[{"href":"https:\/\/lucacastelli.com\/fr\/wp-json\/wp\/v2\/media?parent=609865"}],"wp:term":[{"taxonomy":"product_brand","embeddable":true,"href":"https:\/\/lucacastelli.com\/fr\/wp-json\/wp\/v2\/product_brand?post=609865"},{"taxonomy":"product_cat","embeddable":true,"href":"https:\/\/lucacastelli.com\/fr\/wp-json\/wp\/v2\/product_cat?post=609865"},{"taxonomy":"product_tag","embeddable":true,"href":"https:\/\/lucacastelli.com\/fr\/wp-json\/wp\/v2\/product_tag?post=609865"}],"curies":[{"name":"wp","href":"https:\/\/api.w.org\/{rel}","templated":true}]}}