{"id":609841,"date":"2025-08-14T09:49:39","date_gmt":"2025-08-14T07:49:39","guid":{"rendered":"https:\/\/lucacastelli.com\/prodotto\/protos-bt-com-8\/"},"modified":"2026-04-15T09:47:00","modified_gmt":"2026-04-15T07:47:00","slug":"protos-bt-com-8-2","status":"publish","type":"product","link":"https:\/\/lucacastelli.com\/fr\/produit\/protos-bt-com-8-2\/","title":{"rendered":"Protos\u00ae BT-Com"},"content":{"rendered":"<p>Le Protos\u00ae Integral BT-COM garantit une communication sans interf\u00e9rences. Gr\u00e2ce \u00e0 la technologie Bluetooth\u00ae, la connexion n&#8217;est pas perturb\u00e9e par les grues radio ou similaires, avec une port\u00e9e pouvant atteindre plusieurs centaines de m\u00e8tres. Le microphone att\u00e9nue les bruits ambiants et permet une communication parfaite.<br \/>\nGr\u00e2ce \u00e0 une touche multifonction unique et \u00e0 2 r\u00e9gulateurs de volume, le syst\u00e8me de communication Bluetooth\u00ae est tr\u00e8s facile \u00e0 utiliser d&#8217;un seul doigt. Toute la technologie est int\u00e9gr\u00e9e dans le casque antibruit, il n&#8217;y a donc pas de c\u00e2bles et la libert\u00e9 de mouvement est garantie. Le BT-COM peut \u00eatre recharg\u00e9 facilement sur n&#8217;importe quel port USB via le support de charge USB fourni. Le BT-Com peut \u00eatre mont\u00e9 sur l&#8217;arceau de protection auditive d&#8217;origine.<br \/>\n-Jusqu&#8217;\u00e0 4 participants<br \/>\n-Port\u00e9e jusqu&#8217;\u00e0 plusieurs centaines de m\u00e8tres<br \/>\n-Communication claire et sans interf\u00e9rences<br \/>\n-Seulement 42 g de poids suppl\u00e9mentaire, batterie incluse<br \/>\n-Aucun c\u00e2ble ni connecteur<br \/>\n-Possibilit\u00e9 de connexion avec le t\u00e9l\u00e9phone portable<br \/>\n-Microphone avec suppression du bruit ambiant<br \/>\n-Tr\u00e8s facile \u00e0 utiliser<br \/>\n-Position de stationnement illimit\u00e9e<br \/>\n-10 couleurs au choix<br \/>\n-Support de charge USB fourni<br \/>\n-SNR=27 dB (H=34 dB, M=24 dB, L=17 dB)     <\/p>\n<p>&nbsp;<\/p>\n<p>Mat\u00e9riau : 50% ABS 50% polyamide<br \/>\nPoids : 120 g<br \/>\nValeur d&#8217;isolation acoustique : SNR=27 dB (H=34 dB, M=24 dB, L=17 dB)<\/p>\n","protected":false},"excerpt":{"rendered":"<p>Le Protos\u00ae Integral BT-COM garantit une communication sans interf\u00e9rences. Gr\u00e2ce \u00e0 la technologie Bluetooth\u00ae, la connexion n&#8217;est pas perturb\u00e9e par<\/p>\n","protected":false},"featured_media":608920,"template":"","meta":{"_seopress_robots_primary_cat":"none","_seopress_titles_title":"","_seopress_titles_desc":"","_seopress_robots_index":""},"product_brand":[3458,4381],"product_cat":[33,537,815],"product_tag":[],"class_list":{"0":"post-609841","1":"product","2":"type-product","3":"status-publish","4":"has-post-thumbnail","6":"product_brand-pfanner","7":"product_brand-protos","8":"product_cat-attrezzature","9":"product_cat-attrezzatura-da-lavoro","10":"product_cat-caschi","11":"sws-gruppo-no-gruppo-fr","12":"sws-conto-ricavi-merci-rivendita-abbigliamento-fr","13":"sws-gruppo-iva-iva81-fr","15":"first","16":"instock","17":"shipping-taxable","18":"purchasable","19":"product-type-variable","20":"has-default-attributes"},"_links":{"self":[{"href":"https:\/\/lucacastelli.com\/fr\/wp-json\/wp\/v2\/product\/609841","targetHints":{"allow":["GET"]}}],"collection":[{"href":"https:\/\/lucacastelli.com\/fr\/wp-json\/wp\/v2\/product"}],"about":[{"href":"https:\/\/lucacastelli.com\/fr\/wp-json\/wp\/v2\/types\/product"}],"wp:featuredmedia":[{"embeddable":true,"href":"https:\/\/lucacastelli.com\/fr\/wp-json\/wp\/v2\/media\/608920"}],"wp:attachment":[{"href":"https:\/\/lucacastelli.com\/fr\/wp-json\/wp\/v2\/media?parent=609841"}],"wp:term":[{"taxonomy":"product_brand","embeddable":true,"href":"https:\/\/lucacastelli.com\/fr\/wp-json\/wp\/v2\/product_brand?post=609841"},{"taxonomy":"product_cat","embeddable":true,"href":"https:\/\/lucacastelli.com\/fr\/wp-json\/wp\/v2\/product_cat?post=609841"},{"taxonomy":"product_tag","embeddable":true,"href":"https:\/\/lucacastelli.com\/fr\/wp-json\/wp\/v2\/product_tag?post=609841"}],"curies":[{"name":"wp","href":"https:\/\/api.w.org\/{rel}","templated":true}]}}