{"id":609797,"date":"2025-08-14T09:30:24","date_gmt":"2025-08-14T07:30:24","guid":{"rendered":"https:\/\/lucacastelli.com\/prodotto\/support-de-casque-protos-3\/"},"modified":"2026-03-17T12:32:22","modified_gmt":"2026-03-17T11:32:22","slug":"support-de-casque-protos-3","status":"publish","type":"product","link":"https:\/\/lucacastelli.com\/fr\/produit\/support-de-casque-protos-3\/","title":{"rendered":"Support de casque Protos"},"content":{"rendered":"<p>Avec le casque Protos\u00ae INTEGRAL, tu es pr\u00eat pour toutes les utilisations. Gr\u00e2ce \u00e0 la combinaison facile avec le BT-COM et les lunettes de protection Protos\u00ae Integral, le bandeau peut \u00eatre ajust\u00e9 individuellement pour chaque situation et constitue ainsi le compagnon id\u00e9al. Sa construction l\u00e9g\u00e8re ainsi que les coussinets sp\u00e9ciaux et leur position particuli\u00e8re sur le bandeau emp\u00eachent la formation de points de pression. N\u00e9anmoins, le bandeau reste toujours dans la m\u00eame position et ne glisse pas, quelle que soit la position.<br \/>\n-Le bandeau ne provoque pas de points de pression sur la t\u00eate<br \/>\n-Aucune partie saillante<br \/>\n-Extr\u00eamement l\u00e9ger<br \/>\n-Pratique \u00e0 ranger<br \/>\n-Combinable avec les lunettes de protection BT-COM et PROTOS INTEGRAL.<br \/>\n-Le bandeau, les lunettes de protection et le porte-lunettes doivent \u00eatre command\u00e9s s\u00e9par\u00e9ment. Dans ce set, le bandeau est fourni sans les casques antibruit.<br \/>\n-SRN=28 dB (H=32dB, M=25dB, L=19dB)<\/p>\n<p>Mat\u00e9riau : 50% ABS 50% polyamide<br \/>\nPoids : 114 g<br \/>\nUnit\u00e9 d&#8217;emballage : 1 pi\u00e8ce, sans casque antibruit<br \/>\nValeur d&#8217;isolation acoustique : SNR=28 dB (H=32dB, M=25dB, L=19dB).<\/p>\n","protected":false},"excerpt":{"rendered":"<p>Avec le casque Protos\u00ae INTEGRAL, tu es pr\u00eat pour toutes les utilisations. Gr\u00e2ce \u00e0 la combinaison facile avec le BT-COM<\/p>\n","protected":false},"featured_media":608867,"template":"","meta":{"_seopress_robots_primary_cat":"none","_seopress_titles_title":"","_seopress_titles_desc":"","_seopress_robots_index":""},"product_brand":[3669,4722],"product_cat":[144,1397,1405],"product_tag":[],"class_list":{"0":"post-609797","1":"product","2":"type-product","3":"status-publish","4":"has-post-thumbnail","6":"product_brand-pfanner-fr","7":"product_brand-protos-fr","8":"product_cat-equipement","9":"product_cat-equipement-de-travail","10":"product_cat-casques","11":"sws-gruppo-no-gruppo","12":"sws-conto-ricavi-merci-rivendita-abbigliamento","13":"sws-gruppo-iva-iva81","15":"first","16":"instock","17":"shipping-taxable","18":"purchasable","19":"product-type-variable","20":"has-default-attributes"},"_links":{"self":[{"href":"https:\/\/lucacastelli.com\/fr\/wp-json\/wp\/v2\/product\/609797","targetHints":{"allow":["GET"]}}],"collection":[{"href":"https:\/\/lucacastelli.com\/fr\/wp-json\/wp\/v2\/product"}],"about":[{"href":"https:\/\/lucacastelli.com\/fr\/wp-json\/wp\/v2\/types\/product"}],"wp:featuredmedia":[{"embeddable":true,"href":"https:\/\/lucacastelli.com\/fr\/wp-json\/wp\/v2\/media\/608867"}],"wp:attachment":[{"href":"https:\/\/lucacastelli.com\/fr\/wp-json\/wp\/v2\/media?parent=609797"}],"wp:term":[{"taxonomy":"product_brand","embeddable":true,"href":"https:\/\/lucacastelli.com\/fr\/wp-json\/wp\/v2\/product_brand?post=609797"},{"taxonomy":"product_cat","embeddable":true,"href":"https:\/\/lucacastelli.com\/fr\/wp-json\/wp\/v2\/product_cat?post=609797"},{"taxonomy":"product_tag","embeddable":true,"href":"https:\/\/lucacastelli.com\/fr\/wp-json\/wp\/v2\/product_tag?post=609797"}],"curies":[{"name":"wp","href":"https:\/\/api.w.org\/{rel}","templated":true}]}}