{"id":609789,"date":"2025-08-14T09:30:28","date_gmt":"2025-08-14T07:30:28","guid":{"rendered":"https:\/\/lucacastelli.com\/prodotto\/support-de-casque-protos-2\/"},"modified":"2026-04-15T09:56:39","modified_gmt":"2026-04-15T07:56:39","slug":"support-de-casque-protos-2","status":"publish","type":"product","link":"https:\/\/lucacastelli.com\/fr\/produit\/support-de-casque-protos-2\/","title":{"rendered":"Protos\u00ae Headset Bracket"},"content":{"rendered":"<p>Avec le casque Protos\u00ae Integral, vous \u00eates pr\u00eat pour toute utilisation. Gr\u00e2ce \u00e0 la combinaison facile avec le BT-COM et les lunettes de protection Protos\u00ae Integral, l&#8217;arceau peut \u00eatre r\u00e9gl\u00e9 individuellement pour chaque situation et constitue donc le compagnon id\u00e9al. Sa structure l\u00e9g\u00e8re et les coussinets d&#8217;appui sp\u00e9ciaux ainsi que leur position particuli\u00e8re sur l&#8217;arceau emp\u00eachent la formation de points de pression. N\u00e9anmoins, l&#8217;arceau reste toujours dans la m\u00eame position et ne glisse pas, quelle que soit la position.<br \/>\n-L&#8217;arceau ne provoque pas de points de pression sur la t\u00eate<br \/>\n-Aucune partie saillante<br \/>\n-Extr\u00eamement l\u00e9ger<br \/>\n-Pratique \u00e0 ranger<br \/>\n-Combinable avec BT-COM et lunettes de protection Protos\u00ae Integral.<br \/>\n-Les coquilles, les lunettes de protection et le porte-lunettes doivent \u00eatre command\u00e9s s\u00e9par\u00e9ment. Dans ce set, l&#8217;arceau est fourni sans coquilles antibruit.<br \/>\n-SNR=28 dB (H=32dB, M=25dB, L=19dB)<\/p>\n<p>Mat\u00e9riau : 50% ABS 50% polyamide<br \/>\nPoids : 114 g<br \/>\nUnit\u00e9 d&#8217;emballage : 1 pi\u00e8ce, sans coquilles antibruit<br \/>\nValeur d&#8217;isolation acoustique : SNR=28 dB (H=32dB, M=25dB, L=19dB)<\/p>\n","protected":false},"excerpt":{"rendered":"<p>Avec le casque Protos\u00ae Integral, vous \u00eates pr\u00eat pour toute utilisation. Gr\u00e2ce \u00e0 la combinaison facile avec le BT-COM et<\/p>\n","protected":false},"featured_media":608863,"template":"","meta":{"_seopress_robots_primary_cat":"none","_seopress_titles_title":"","_seopress_titles_desc":"","_seopress_robots_index":""},"product_brand":[3458,4381],"product_cat":[33,537,815],"product_tag":[],"class_list":{"0":"post-609789","1":"product","2":"type-product","3":"status-publish","4":"has-post-thumbnail","6":"product_brand-pfanner","7":"product_brand-protos","8":"product_cat-attrezzature","9":"product_cat-attrezzatura-da-lavoro","10":"product_cat-caschi","11":"sws-gruppo-no-gruppo-fr","12":"sws-conto-ricavi-merci-rivendita-abbigliamento-fr","13":"sws-gruppo-iva-iva81-fr","15":"first","16":"instock","17":"shipping-taxable","18":"purchasable","19":"product-type-variable","20":"has-default-attributes"},"_links":{"self":[{"href":"https:\/\/lucacastelli.com\/fr\/wp-json\/wp\/v2\/product\/609789","targetHints":{"allow":["GET"]}}],"collection":[{"href":"https:\/\/lucacastelli.com\/fr\/wp-json\/wp\/v2\/product"}],"about":[{"href":"https:\/\/lucacastelli.com\/fr\/wp-json\/wp\/v2\/types\/product"}],"wp:featuredmedia":[{"embeddable":true,"href":"https:\/\/lucacastelli.com\/fr\/wp-json\/wp\/v2\/media\/608863"}],"wp:attachment":[{"href":"https:\/\/lucacastelli.com\/fr\/wp-json\/wp\/v2\/media?parent=609789"}],"wp:term":[{"taxonomy":"product_brand","embeddable":true,"href":"https:\/\/lucacastelli.com\/fr\/wp-json\/wp\/v2\/product_brand?post=609789"},{"taxonomy":"product_cat","embeddable":true,"href":"https:\/\/lucacastelli.com\/fr\/wp-json\/wp\/v2\/product_cat?post=609789"},{"taxonomy":"product_tag","embeddable":true,"href":"https:\/\/lucacastelli.com\/fr\/wp-json\/wp\/v2\/product_tag?post=609789"}],"curies":[{"name":"wp","href":"https:\/\/api.w.org\/{rel}","templated":true}]}}