{"id":609776,"date":"2025-08-14T15:28:02","date_gmt":"2025-08-14T13:28:02","guid":{"rendered":"https:\/\/lucacastelli.com\/prodotto\/casque-protos-3\/"},"modified":"2026-03-18T12:35:01","modified_gmt":"2026-03-18T11:35:01","slug":"casque-protos-3","status":"publish","type":"product","link":"https:\/\/lucacastelli.com\/fr\/produit\/casque-protos-3\/","title":{"rendered":"Casque Protos"},"content":{"rendered":"<p>Avec le PROTOS INTEGRAL, tu es pr\u00eat pour n&#8217;importe quelle utilisation. En le combinant simplement avec le BT-COM, le bandeau peut \u00eatre ajust\u00e9 individuellement pour chaque situation et constitue ainsi le compagnon id\u00e9al. Gr\u00e2ce \u00e0 sa construction l\u00e9g\u00e8re, aux coussinets sp\u00e9ciaux et \u00e0 leur position particuli\u00e8re sur le bandeau, aucun point de pression ne se forme. N\u00e9anmoins, le bandeau reste en place et ne glisse pas.<br \/>\n&#8211; Le bandeau s&#8217;ajuste parfaitement sans provoquer de points de pression sur la t\u00eate<br \/>\n&#8211; Aucune partie saillante<br \/>\n&#8211; Extr\u00eamement l\u00e9ger<br \/>\n&#8211; Pratique pour le rangement<br \/>\n&#8211; Peut \u00eatre combin\u00e9 avec le BT-COM et les lunettes de protection Protos\u00ae Integral<br \/>\n&#8211; Les lunettes de protection et le porte-lunettes doivent \u00eatre command\u00e9s s\u00e9par\u00e9ment<br \/>\n-SNR=28 dB (H=32dB, M=25dB, L=19dB).   <\/p>\n<p>Mat\u00e9riau : 50% ABS 50% polyamide<br \/>\nPoids : 273 g<br \/>\nUnit\u00e9 d&#8217;emballage : 1 pi\u00e8ce, avec casque antibruit<br \/>\nValeur d&#8217;isolation acoustique : SNR=28 dB (H=32dB, M=25dB, L=19dB).<\/p>\n","protected":false},"excerpt":{"rendered":"<p>Avec le PROTOS INTEGRAL, tu es pr\u00eat pour n&#8217;importe quelle utilisation. En le combinant simplement avec le BT-COM, le bandeau<\/p>\n","protected":false},"featured_media":609706,"template":"","meta":{"_seopress_robots_primary_cat":"none","_seopress_titles_title":"","_seopress_titles_desc":"","_seopress_robots_index":""},"product_brand":[3669,4722],"product_cat":[144,1397,1405,1412],"product_tag":[],"class_list":{"0":"post-609776","1":"product","2":"type-product","3":"status-publish","4":"has-post-thumbnail","6":"product_brand-pfanner-fr","7":"product_brand-protos-fr","8":"product_cat-equipement","9":"product_cat-equipement-de-travail","10":"product_cat-casques","11":"product_cat-visieres-et-lunettes","12":"sws-gruppo-no-gruppo","13":"sws-conto-ricavi-merci-rivendita-abbigliamento","14":"sws-gruppo-iva-iva81","16":"first","17":"instock","18":"shipping-taxable","19":"purchasable","20":"product-type-variable","21":"has-default-attributes"},"_links":{"self":[{"href":"https:\/\/lucacastelli.com\/fr\/wp-json\/wp\/v2\/product\/609776","targetHints":{"allow":["GET"]}}],"collection":[{"href":"https:\/\/lucacastelli.com\/fr\/wp-json\/wp\/v2\/product"}],"about":[{"href":"https:\/\/lucacastelli.com\/fr\/wp-json\/wp\/v2\/types\/product"}],"wp:featuredmedia":[{"embeddable":true,"href":"https:\/\/lucacastelli.com\/fr\/wp-json\/wp\/v2\/media\/609706"}],"wp:attachment":[{"href":"https:\/\/lucacastelli.com\/fr\/wp-json\/wp\/v2\/media?parent=609776"}],"wp:term":[{"taxonomy":"product_brand","embeddable":true,"href":"https:\/\/lucacastelli.com\/fr\/wp-json\/wp\/v2\/product_brand?post=609776"},{"taxonomy":"product_cat","embeddable":true,"href":"https:\/\/lucacastelli.com\/fr\/wp-json\/wp\/v2\/product_cat?post=609776"},{"taxonomy":"product_tag","embeddable":true,"href":"https:\/\/lucacastelli.com\/fr\/wp-json\/wp\/v2\/product_tag?post=609776"}],"curies":[{"name":"wp","href":"https:\/\/api.w.org\/{rel}","templated":true}]}}