{"id":609769,"date":"2025-08-14T15:27:58","date_gmt":"2025-08-14T13:27:58","guid":{"rendered":"https:\/\/lucacastelli.com\/prodotto\/casque-protos-2\/"},"modified":"2026-04-15T09:44:39","modified_gmt":"2026-04-15T07:44:39","slug":"casque-protos-2","status":"publish","type":"product","link":"https:\/\/lucacastelli.com\/fr\/produit\/casque-protos-2\/","title":{"rendered":"Protos\u00ae Headset"},"content":{"rendered":"<p>Avec le casque Protos\u00ae Headset Integral, vous \u00eates pr\u00eat pour n\u2019importe quelle utilisation. En le combinant simplement avec le BT-COM, le serre-t\u00eate peut \u00eatre ajust\u00e9 individuellement pour chaque situation, ce qui en fait le compagnon id\u00e9al. Gr\u00e2ce \u00e0 sa structure l\u00e9g\u00e8re, \u00e0 ses coussinets d\u2019appui sp\u00e9ciaux et \u00e0 leur position particuli\u00e8re sur le serre-t\u00eate, aucun point de pression ne se forme. N\u00e9anmoins, le serre-t\u00eate reste en place et ne glisse pas.<br \/>\n&#8211; Le serre-t\u00eate le plus ajust\u00e9 sans causer de points de pression sur la t\u00eate<br \/>\n&#8211; Aucune partie saillante<br \/>\n&#8211; Extr\u00eamement l\u00e9ger<br \/>\n&#8211; Pratique \u00e0 ranger<br \/>\n&#8211; Combinable avec BT-COM et lunettes de protection Protos\u00ae Integral<br \/>\n&#8211; Les lunettes de protection et le support de lunettes doivent \u00eatre command\u00e9s s\u00e9par\u00e9ment<br \/>\n&#8211; SNR = 28 dB (H = 32 dB, M = 25 dB, L = 19 dB)   <\/p>\n<p>Mat\u00e9riau : 50 % ABS 50 % polyamide<br \/>\nPoids : 273 g<br \/>\nUnit\u00e9 d\u2019emballage : 1 pi\u00e8ce, avec protection auditive<br \/>\nValeur d\u2019isolation acoustique : SNR = 28 dB (H = 32 dB, M = 25 dB, L = 19 dB)<\/p>\n","protected":false},"excerpt":{"rendered":"<p>Avec le casque Protos\u00ae Headset Integral, vous \u00eates pr\u00eat pour n\u2019importe quelle utilisation. En le combinant simplement avec le BT-COM,<\/p>\n","protected":false},"featured_media":609702,"template":"","meta":{"_seopress_robots_primary_cat":"none","_seopress_titles_title":"","_seopress_titles_desc":"","_seopress_robots_index":""},"product_brand":[3458,4381],"product_cat":[33,537,815,816],"product_tag":[],"class_list":{"0":"post-609769","1":"product","2":"type-product","3":"status-publish","4":"has-post-thumbnail","6":"product_brand-pfanner","7":"product_brand-protos","8":"product_cat-attrezzature","9":"product_cat-attrezzatura-da-lavoro","10":"product_cat-caschi","11":"product_cat-visiere-e-occhiali-protettivi","12":"sws-gruppo-no-gruppo-fr","13":"sws-conto-ricavi-merci-rivendita-abbigliamento-fr","14":"sws-gruppo-iva-iva81-fr","16":"first","17":"instock","18":"shipping-taxable","19":"purchasable","20":"product-type-variable","21":"has-default-attributes"},"_links":{"self":[{"href":"https:\/\/lucacastelli.com\/fr\/wp-json\/wp\/v2\/product\/609769","targetHints":{"allow":["GET"]}}],"collection":[{"href":"https:\/\/lucacastelli.com\/fr\/wp-json\/wp\/v2\/product"}],"about":[{"href":"https:\/\/lucacastelli.com\/fr\/wp-json\/wp\/v2\/types\/product"}],"wp:featuredmedia":[{"embeddable":true,"href":"https:\/\/lucacastelli.com\/fr\/wp-json\/wp\/v2\/media\/609702"}],"wp:attachment":[{"href":"https:\/\/lucacastelli.com\/fr\/wp-json\/wp\/v2\/media?parent=609769"}],"wp:term":[{"taxonomy":"product_brand","embeddable":true,"href":"https:\/\/lucacastelli.com\/fr\/wp-json\/wp\/v2\/product_brand?post=609769"},{"taxonomy":"product_cat","embeddable":true,"href":"https:\/\/lucacastelli.com\/fr\/wp-json\/wp\/v2\/product_cat?post=609769"},{"taxonomy":"product_tag","embeddable":true,"href":"https:\/\/lucacastelli.com\/fr\/wp-json\/wp\/v2\/product_tag?post=609769"}],"curies":[{"name":"wp","href":"https:\/\/api.w.org\/{rel}","templated":true}]}}